{"id":871,"date":"2020-03-28T16:16:10","date_gmt":"2020-03-28T15:16:10","guid":{"rendered":"http:\/\/levy-acp.fr\/index.php\/rendez-vous-en-ligne\/"},"modified":"2021-04-11T19:27:49","modified_gmt":"2021-04-11T17:27:49","slug":"ecoute-benevole","status":"publish","type":"page","link":"https:\/\/levy-acp.fr\/index.php\/ecoute-benevole\/","title":{"rendered":"R\u00c9ALIT\u00c9 PARTAG\u00c9E"},"content":{"rendered":"\r\n<h1><strong>20\/21<\/strong><\/h1>\r\n<p>&nbsp;<\/p>\r\n\r\n\r\n\r\n<p class=\"has-black-color has-very-light-gray-background-color has-text-color has-background\">D&rsquo;une p\u00e9riode de confinement \u00e0 l&rsquo;autre, je continue \u00e0 proposer b\u00e9n\u00e9volement des moments d&rsquo;\u00e9coute anonymes ou non, \u00e0 distance ou de pr\u00e8s, pour les personnes qui souhaitent retrouver ou maintenir une r\u00e9alit\u00e9 partag\u00e9e.<\/p>\r\n\r\n\r\n\r\n<p class=\"has-black-color has-text-color\"><strong>Jean-Charles L\u00e9vy | 06 70 16 23 57<\/strong><\/p>\r\n\r\n<p>&nbsp;<\/p>\r\n<p>&nbsp;<\/p>\r\n<p><strong><img decoding=\"async\" class=\"wp-image-9025 alignleft\" src=\"https:\/\/liberte-pour-apprendre.fr\/wp-content\/uploads\/2020\/03\/Quote.png\" alt=\"\" width=\"121\" height=\"85\" \/><\/strong><em>\u00ab <\/em>Quand on aura all\u00e9g\u00e9 le plus possible les servitudes inutiles, \u00e9vit\u00e9 les malheurs non n\u00e9cessaires, il restera toujours, pour tenir en haleine les vertus h\u00e9ro\u00efques de l\u2019homme, la longue s\u00e9rie des maux v\u00e9ritables : la mort, la vieillesse, les maladies non gu\u00e9rissables, l\u2019amour non partag\u00e9, l\u2019amiti\u00e9 rejet\u00e9e ou trahie, la m\u00e9diocrit\u00e9 d\u2019une vie moins vaste que nos projets et plus terne que nos songes : tous les malheurs caus\u00e9s par la divine nature des choses. \u00bb<\/p>\r\n<p style=\"text-align: right;\">Marguerite Yourcenar, <em>M\u00e9moires d\u2019Hadrien<\/em> (1951)<\/p>","protected":false},"excerpt":{"rendered":"<p>20\/21 &nbsp; D&rsquo;une p\u00e9riode de confinement \u00e0 l&rsquo;autre, je continue \u00e0 proposer b\u00e9n\u00e9volement des moments d&rsquo;\u00e9coute anonymes ou non, \u00e0 distance ou de pr\u00e8s, pour les personnes qui souhaitent retrouver ou maintenir une r\u00e9alit\u00e9 partag\u00e9e. Jean-Charles L\u00e9vy | 06 70 16 23 57 &nbsp; &nbsp; \u00ab Quand on aura all\u00e9g\u00e9 le plus possible les servitudes &hellip; <\/p>\n<p class=\"link-more\"><a href=\"https:\/\/levy-acp.fr\/index.php\/ecoute-benevole\/\" class=\"more-link\">Continuer la lecture<span class=\"screen-reader-text\"> de &laquo;&nbsp;R\u00c9ALIT\u00c9 PARTAG\u00c9E&nbsp;&raquo;<\/span><\/a><\/p>\n","protected":false},"author":1,"featured_media":0,"parent":0,"menu_order":0,"comment_status":"closed","ping_status":"closed","template":"","meta":{"footnotes":""},"class_list":["post-871","page","type-page","status-publish","hentry"],"yoast_head":"<!-- This site is optimized with the Yoast SEO plugin v26.9 - https:\/\/yoast.com\/product\/yoast-seo-wordpress\/ -->\n<title>R\u00c9ALIT\u00c9 PARTAG\u00c9E - PSYCHOTH\u00c9RAPIE<\/title>\n<meta name=\"robots\" content=\"index, follow, max-snippet:-1, max-image-preview:large, max-video-preview:-1\" \/>\n<link rel=\"canonical\" href=\"https:\/\/levy-acp.fr\/index.php\/ecoute-benevole\/\" \/>\n<meta property=\"og:locale\" content=\"fr_FR\" \/>\n<meta property=\"og:type\" content=\"article\" \/>\n<meta property=\"og:title\" content=\"R\u00c9ALIT\u00c9 PARTAG\u00c9E - PSYCHOTH\u00c9RAPIE\" \/>\n<meta property=\"og:description\" content=\"20\/21 &nbsp; D&rsquo;une p\u00e9riode de confinement \u00e0 l&rsquo;autre, je continue \u00e0 proposer b\u00e9n\u00e9volement des moments d&rsquo;\u00e9coute anonymes ou non, \u00e0 distance ou de pr\u00e8s, pour les personnes qui souhaitent retrouver ou maintenir une r\u00e9alit\u00e9 partag\u00e9e. Jean-Charles L\u00e9vy | 06 70 16 23 57 &nbsp; &nbsp; \u00ab Quand on aura all\u00e9g\u00e9 le plus possible les servitudes &hellip; Continuer la lecture de &laquo;&nbsp;R\u00c9ALIT\u00c9 PARTAG\u00c9E&nbsp;&raquo;\" \/>\n<meta property=\"og:url\" content=\"https:\/\/levy-acp.fr\/index.php\/ecoute-benevole\/\" \/>\n<meta property=\"og:site_name\" content=\"PSYCHOTH\u00c9RAPIE\" \/>\n<meta property=\"article:modified_time\" content=\"2021-04-11T17:27:49+00:00\" \/>\n<meta property=\"og:image\" content=\"https:\/\/liberte-pour-apprendre.fr\/wp-content\/uploads\/2020\/03\/Quote.png\" \/>\n<meta name=\"twitter:card\" content=\"summary_large_image\" \/>\n<meta name=\"twitter:label1\" content=\"Dur\u00e9e de lecture estim\u00e9e\" \/>\n\t<meta name=\"twitter:data1\" content=\"1 minute\" \/>\n<script type=\"application\/ld+json\" class=\"yoast-schema-graph\">{\"@context\":\"https:\/\/schema.org\",\"@graph\":[{\"@type\":\"WebPage\",\"@id\":\"https:\/\/levy-acp.fr\/index.php\/ecoute-benevole\/\",\"url\":\"https:\/\/levy-acp.fr\/index.php\/ecoute-benevole\/\",\"name\":\"R\u00c9ALIT\u00c9 PARTAG\u00c9E - PSYCHOTH\u00c9RAPIE\",\"isPartOf\":{\"@id\":\"https:\/\/levy-acp.fr\/#website\"},\"primaryImageOfPage\":{\"@id\":\"https:\/\/levy-acp.fr\/index.php\/ecoute-benevole\/#primaryimage\"},\"image\":{\"@id\":\"https:\/\/levy-acp.fr\/index.php\/ecoute-benevole\/#primaryimage\"},\"thumbnailUrl\":\"https:\/\/liberte-pour-apprendre.fr\/wp-content\/uploads\/2020\/03\/Quote.png\",\"datePublished\":\"2020-03-28T15:16:10+00:00\",\"dateModified\":\"2021-04-11T17:27:49+00:00\",\"breadcrumb\":{\"@id\":\"https:\/\/levy-acp.fr\/index.php\/ecoute-benevole\/#breadcrumb\"},\"inLanguage\":\"fr-FR\",\"potentialAction\":[{\"@type\":\"ReadAction\",\"target\":[\"https:\/\/levy-acp.fr\/index.php\/ecoute-benevole\/\"]}]},{\"@type\":\"ImageObject\",\"inLanguage\":\"fr-FR\",\"@id\":\"https:\/\/levy-acp.fr\/index.php\/ecoute-benevole\/#primaryimage\",\"url\":\"https:\/\/liberte-pour-apprendre.fr\/wp-content\/uploads\/2020\/03\/Quote.png\",\"contentUrl\":\"https:\/\/liberte-pour-apprendre.fr\/wp-content\/uploads\/2020\/03\/Quote.png\"},{\"@type\":\"BreadcrumbList\",\"@id\":\"https:\/\/levy-acp.fr\/index.php\/ecoute-benevole\/#breadcrumb\",\"itemListElement\":[{\"@type\":\"ListItem\",\"position\":1,\"name\":\"Accueil\",\"item\":\"https:\/\/levy-acp.fr\/\"},{\"@type\":\"ListItem\",\"position\":2,\"name\":\"R\u00c9ALIT\u00c9 PARTAG\u00c9E\"}]},{\"@type\":\"WebSite\",\"@id\":\"https:\/\/levy-acp.fr\/#website\",\"url\":\"https:\/\/levy-acp.fr\/\",\"name\":\"PSYCHOTH\u00c9RAPIE\",\"description\":\"JEAN-CHARLES L\u00c9VY |  PSYCHOPRATICIEN CERTIFI\u00c9 | LE MANS\",\"potentialAction\":[{\"@type\":\"SearchAction\",\"target\":{\"@type\":\"EntryPoint\",\"urlTemplate\":\"https:\/\/levy-acp.fr\/?s={search_term_string}\"},\"query-input\":{\"@type\":\"PropertyValueSpecification\",\"valueRequired\":true,\"valueName\":\"search_term_string\"}}],\"inLanguage\":\"fr-FR\"}]}<\/script>\n<!-- \/ Yoast SEO plugin. -->","yoast_head_json":{"title":"R\u00c9ALIT\u00c9 PARTAG\u00c9E - PSYCHOTH\u00c9RAPIE","robots":{"index":"index","follow":"follow","max-snippet":"max-snippet:-1","max-image-preview":"max-image-preview:large","max-video-preview":"max-video-preview:-1"},"canonical":"https:\/\/levy-acp.fr\/index.php\/ecoute-benevole\/","og_locale":"fr_FR","og_type":"article","og_title":"R\u00c9ALIT\u00c9 PARTAG\u00c9E - PSYCHOTH\u00c9RAPIE","og_description":"20\/21 &nbsp; D&rsquo;une p\u00e9riode de confinement \u00e0 l&rsquo;autre, je continue \u00e0 proposer b\u00e9n\u00e9volement des moments d&rsquo;\u00e9coute anonymes ou non, \u00e0 distance ou de pr\u00e8s, pour les personnes qui souhaitent retrouver ou maintenir une r\u00e9alit\u00e9 partag\u00e9e. Jean-Charles L\u00e9vy | 06 70 16 23 57 &nbsp; &nbsp; \u00ab Quand on aura all\u00e9g\u00e9 le plus possible les servitudes &hellip; Continuer la lecture de &laquo;&nbsp;R\u00c9ALIT\u00c9 PARTAG\u00c9E&nbsp;&raquo;","og_url":"https:\/\/levy-acp.fr\/index.php\/ecoute-benevole\/","og_site_name":"PSYCHOTH\u00c9RAPIE","article_modified_time":"2021-04-11T17:27:49+00:00","og_image":[{"url":"https:\/\/liberte-pour-apprendre.fr\/wp-content\/uploads\/2020\/03\/Quote.png","type":"","width":"","height":""}],"twitter_card":"summary_large_image","twitter_misc":{"Dur\u00e9e de lecture estim\u00e9e":"1 minute"},"schema":{"@context":"https:\/\/schema.org","@graph":[{"@type":"WebPage","@id":"https:\/\/levy-acp.fr\/index.php\/ecoute-benevole\/","url":"https:\/\/levy-acp.fr\/index.php\/ecoute-benevole\/","name":"R\u00c9ALIT\u00c9 PARTAG\u00c9E - PSYCHOTH\u00c9RAPIE","isPartOf":{"@id":"https:\/\/levy-acp.fr\/#website"},"primaryImageOfPage":{"@id":"https:\/\/levy-acp.fr\/index.php\/ecoute-benevole\/#primaryimage"},"image":{"@id":"https:\/\/levy-acp.fr\/index.php\/ecoute-benevole\/#primaryimage"},"thumbnailUrl":"https:\/\/liberte-pour-apprendre.fr\/wp-content\/uploads\/2020\/03\/Quote.png","datePublished":"2020-03-28T15:16:10+00:00","dateModified":"2021-04-11T17:27:49+00:00","breadcrumb":{"@id":"https:\/\/levy-acp.fr\/index.php\/ecoute-benevole\/#breadcrumb"},"inLanguage":"fr-FR","potentialAction":[{"@type":"ReadAction","target":["https:\/\/levy-acp.fr\/index.php\/ecoute-benevole\/"]}]},{"@type":"ImageObject","inLanguage":"fr-FR","@id":"https:\/\/levy-acp.fr\/index.php\/ecoute-benevole\/#primaryimage","url":"https:\/\/liberte-pour-apprendre.fr\/wp-content\/uploads\/2020\/03\/Quote.png","contentUrl":"https:\/\/liberte-pour-apprendre.fr\/wp-content\/uploads\/2020\/03\/Quote.png"},{"@type":"BreadcrumbList","@id":"https:\/\/levy-acp.fr\/index.php\/ecoute-benevole\/#breadcrumb","itemListElement":[{"@type":"ListItem","position":1,"name":"Accueil","item":"https:\/\/levy-acp.fr\/"},{"@type":"ListItem","position":2,"name":"R\u00c9ALIT\u00c9 PARTAG\u00c9E"}]},{"@type":"WebSite","@id":"https:\/\/levy-acp.fr\/#website","url":"https:\/\/levy-acp.fr\/","name":"PSYCHOTH\u00c9RAPIE","description":"JEAN-CHARLES L\u00c9VY |  PSYCHOPRATICIEN CERTIFI\u00c9 | LE MANS","potentialAction":[{"@type":"SearchAction","target":{"@type":"EntryPoint","urlTemplate":"https:\/\/levy-acp.fr\/?s={search_term_string}"},"query-input":{"@type":"PropertyValueSpecification","valueRequired":true,"valueName":"search_term_string"}}],"inLanguage":"fr-FR"}]}},"_links":{"self":[{"href":"https:\/\/levy-acp.fr\/index.php\/wp-json\/wp\/v2\/pages\/871","targetHints":{"allow":["GET"]}}],"collection":[{"href":"https:\/\/levy-acp.fr\/index.php\/wp-json\/wp\/v2\/pages"}],"about":[{"href":"https:\/\/levy-acp.fr\/index.php\/wp-json\/wp\/v2\/types\/page"}],"author":[{"embeddable":true,"href":"https:\/\/levy-acp.fr\/index.php\/wp-json\/wp\/v2\/users\/1"}],"replies":[{"embeddable":true,"href":"https:\/\/levy-acp.fr\/index.php\/wp-json\/wp\/v2\/comments?post=871"}],"version-history":[{"count":59,"href":"https:\/\/levy-acp.fr\/index.php\/wp-json\/wp\/v2\/pages\/871\/revisions"}],"predecessor-version":[{"id":1374,"href":"https:\/\/levy-acp.fr\/index.php\/wp-json\/wp\/v2\/pages\/871\/revisions\/1374"}],"wp:attachment":[{"href":"https:\/\/levy-acp.fr\/index.php\/wp-json\/wp\/v2\/media?parent=871"}],"curies":[{"name":"wp","href":"https:\/\/api.w.org\/{rel}","templated":true}]}}