{"id":58,"date":"2018-06-24T21:01:13","date_gmt":"2018-06-24T19:01:13","guid":{"rendered":"http:\/\/levy-acp.fr\/?page_id=58"},"modified":"2025-11-17T10:27:38","modified_gmt":"2025-11-17T09:27:38","slug":"seances-de-psychotherapie","status":"publish","type":"page","link":"https:\/\/levy-acp.fr\/index.php\/seances-de-psychotherapie\/","title":{"rendered":"En pratique"},"content":{"rendered":"\r\n<h2>Coordonn\u00e9es<\/h2>\r\n<p><img decoding=\"async\" class=\"alignleft  wp-image-1770\" src=\"https:\/\/levy-acp.fr\/wp-content\/uploads\/2021\/05\/e\u0301coute-bulles-300x235.png\" alt=\"\" width=\"161\" height=\"126\" srcset=\"https:\/\/levy-acp.fr\/wp-content\/uploads\/2021\/05\/e\u0301coute-bulles-300x235.png 300w, https:\/\/levy-acp.fr\/wp-content\/uploads\/2021\/05\/e\u0301coute-bulles.png 591w\" sizes=\"(max-width: 161px) 100vw, 161px\" \/><strong><span style=\"color: #000000;\">Jean-Charles L\u00e9vy | Psychoth\u00e9rapie au Mans<\/span><\/strong><\/p>\r\n<p><span style=\"color: #000000;\">06.70.16.23.57\u00a0<strong>| <\/strong>contact*levy-acp.fr <br \/>126 rue de Sabl\u00e9 72000 Le Mans<br \/><\/span><\/p>\r\n<h2>\u00a0<\/h2>\r\n<h2>Espace d&rsquo;\u00e9coute<\/h2>\r\n<p><a href=\"https:\/\/levy-acp.fr\/wp-content\/uploads\/2022\/05\/126-rue-de-Sable-scaled.jpg\"><img decoding=\"async\" class=\"alignleft wp-image-2071\" src=\"https:\/\/levy-acp.fr\/wp-content\/uploads\/2022\/05\/126-rue-de-Sable-225x300.jpg\" alt=\"\" width=\"262\" height=\"349\" srcset=\"https:\/\/levy-acp.fr\/wp-content\/uploads\/2022\/05\/126-rue-de-Sable-225x300.jpg 225w, https:\/\/levy-acp.fr\/wp-content\/uploads\/2022\/05\/126-rue-de-Sable-768x1024.jpg 768w, https:\/\/levy-acp.fr\/wp-content\/uploads\/2022\/05\/126-rue-de-Sable-1152x1536.jpg 1152w, https:\/\/levy-acp.fr\/wp-content\/uploads\/2022\/05\/126-rue-de-Sable-1536x2048.jpg 1536w, https:\/\/levy-acp.fr\/wp-content\/uploads\/2022\/05\/126-rue-de-Sable-scaled.jpg 1920w\" sizes=\"(max-width: 262px) 100vw, 262px\" \/><\/a>Je vous re\u00e7ois dans un espace d\u00e9di\u00e9 \u00e0 la psychoth\u00e9rapie, au <a href=\"https:\/\/www.google.com\/maps\/place\/126+Rue+de+Sabl%C3%A9,+72000+Le+Mans\/@47.9877609,0.1663463,3a,75y,313.22h,90t\/data=!3m6!1e1!3m4!1smClU3vxD1EqETAHvj3O1EA!2e0!7i16384!8i8192!4m5!3m4!1s0x47e28f589cc0dd05:0x6b757cd17b9c122c!8m2!3d47.9878375!4d0.1662188\" target=\"_blank\" rel=\"noopener\"><strong>126 rue de Sabl\u00e9 <\/strong><\/a>(Quartier Saint-Georges au\u00a0 Mans).<\/p>\r\n<p>L&rsquo;entretien se d\u00e9roule g\u00e9n\u00e9ralement en face \u00e0 face.<\/p>\r\n<p>De m\u00eame, je peux accompagner les personnes \u00e0 distance, par visio, apr\u00e8s id\u00e9alement une rencontre en pr\u00e9sence l&rsquo;un de l&rsquo;autre. Je travaille aussi \u00e0 domicile pour les personnes dont la mobilit\u00e9 est r\u00e9duite.<\/p>\r\n<h2>\u00a0<\/h2>\r\n<h2>Tarif d&rsquo;une s\u00e9ance de psychoth\u00e9rapie<\/h2>\r\n<p><a href=\"https:\/\/levy-acp.fr\/wp-content\/uploads\/2021\/12\/Cabinet-de-psychothe\u0301rapie-Le-Mans_1-scaled.jpg\"><img decoding=\"async\" class=\"alignleft wp-image-1929\" src=\"https:\/\/levy-acp.fr\/wp-content\/uploads\/2021\/12\/Cabinet-de-psychothe\u0301rapie-Le-Mans_1-225x300.jpg\" alt=\"\" width=\"262\" height=\"349\" srcset=\"https:\/\/levy-acp.fr\/wp-content\/uploads\/2021\/12\/Cabinet-de-psychothe\u0301rapie-Le-Mans_1-225x300.jpg 225w, https:\/\/levy-acp.fr\/wp-content\/uploads\/2021\/12\/Cabinet-de-psychothe\u0301rapie-Le-Mans_1-768x1024.jpg 768w, https:\/\/levy-acp.fr\/wp-content\/uploads\/2021\/12\/Cabinet-de-psychothe\u0301rapie-Le-Mans_1-1152x1536.jpg 1152w, https:\/\/levy-acp.fr\/wp-content\/uploads\/2021\/12\/Cabinet-de-psychothe\u0301rapie-Le-Mans_1-1536x2048.jpg 1536w, https:\/\/levy-acp.fr\/wp-content\/uploads\/2021\/12\/Cabinet-de-psychothe\u0301rapie-Le-Mans_1-scaled.jpg 1920w\" sizes=\"(max-width: 262px) 100vw, 262px\" \/><\/a>Le prix d\u2019une s\u00e9ance est de <strong>50 \u20ac<\/strong> en individuel\u00a0 ; <strong>80 \u20ac<\/strong> en couple. Par ch\u00e8que, en esp\u00e8ces ou virement <a href=\"https:\/\/wero-wallet.eu\/fr\" target=\"_blank\" rel=\"noopener\">Wero<\/a> | <a href=\"https:\/\/www.lydia.me\/\" target=\"_blank\" rel=\"noopener\">Lydia.<\/a><\/p>\r\n<p>Apr\u00e8s chaque consultation, si vous le souhaitez, une facture vous sera adress\u00e9e par mail.<\/p>\r\n<p>Le tarif est aussi adaptable \u00e0 vos revenus du moment dans le cadre de l&rsquo;association <a href=\"https:\/\/www.journal-officiel.gouv.fr\/pages\/associations-detail-annonce\/?q.id=id:202500411322\" target=\"_blank\" rel=\"noopener\">Pour une \u00e9coute active<\/a>, fond\u00e9e en 2025. Parlons-en.<\/p>\r\n<h2>\u00a0<\/h2>\r\n<h2>Dur\u00e9e<\/h2>\r\n<p><a href=\"https:\/\/levy-acp.fr\/wp-content\/uploads\/2022\/06\/Psychothe\u0301rapie-Le-Mans-scaled.jpg\"><img decoding=\"async\" class=\"alignleft wp-image-2083\" src=\"https:\/\/levy-acp.fr\/wp-content\/uploads\/2022\/06\/Psychothe\u0301rapie-Le-Mans-225x300.jpg\" alt=\"\" width=\"262\" height=\"349\" srcset=\"https:\/\/levy-acp.fr\/wp-content\/uploads\/2022\/06\/Psychothe\u0301rapie-Le-Mans-225x300.jpg 225w, https:\/\/levy-acp.fr\/wp-content\/uploads\/2022\/06\/Psychothe\u0301rapie-Le-Mans-768x1024.jpg 768w, https:\/\/levy-acp.fr\/wp-content\/uploads\/2022\/06\/Psychothe\u0301rapie-Le-Mans-1152x1536.jpg 1152w, https:\/\/levy-acp.fr\/wp-content\/uploads\/2022\/06\/Psychothe\u0301rapie-Le-Mans-1536x2048.jpg 1536w, https:\/\/levy-acp.fr\/wp-content\/uploads\/2022\/06\/Psychothe\u0301rapie-Le-Mans-scaled.jpg 1920w\" sizes=\"(max-width: 262px) 100vw, 262px\" \/><\/a>Une s\u00e9ance dure <strong>1 heure en individuel <\/strong>et <strong>1h30 en couple. <\/strong>Vous fixez le rythme de nos rencontres selon vos perceptions et vos besoins (1 fois par semaine ou tous les quinze jours par exemple).<\/p>\r\n<p>Une psychoth\u00e9rapie suppose cependant un engagement r\u00e9gulier de la personne et du th\u00e9rapeute \u00e0 une fr\u00e9quence rapproch\u00e9e (3 semaines \u00e9tant l&rsquo;\u00e9cart maximal id\u00e9al entre deux s\u00e9ances).\u00a0<\/p>\r\n<p>La <strong>premi\u00e8re s\u00e9ance sur place<\/strong>, souvent pr\u00e9c\u00e9d\u00e9e d&rsquo;un \u00e9change t\u00e9l\u00e9phonique,\u00a0 vous permet d&rsquo;exp\u00e9rimenter un accompagnement th\u00e9rapeutique avec moi, de voir s&rsquo;il vous convient, de voir si nous nous convenons, et de compl\u00e9ter \u00e9ventuellement vos informations sur ma pratique, ma personne et mes formations.<\/p>\r\n<h2>\u00a0<\/h2>\r\n<h2>Remboursements<\/h2>\r\n<p><a href=\"https:\/\/levy-acp.fr\/wp-content\/uploads\/2021\/12\/Cabinet-de-psychothe\u0301rapie-Le-Mans_4_bis-scaled.jpg\"><img decoding=\"async\" class=\"alignleft wp-image-1936 \" src=\"https:\/\/levy-acp.fr\/wp-content\/uploads\/2021\/12\/Cabinet-de-psychothe\u0301rapie-Le-Mans_4_bis-225x300.jpg\" alt=\"\" width=\"263\" height=\"351\" srcset=\"https:\/\/levy-acp.fr\/wp-content\/uploads\/2021\/12\/Cabinet-de-psychothe\u0301rapie-Le-Mans_4_bis-225x300.jpg 225w, https:\/\/levy-acp.fr\/wp-content\/uploads\/2021\/12\/Cabinet-de-psychothe\u0301rapie-Le-Mans_4_bis-768x1024.jpg 768w, https:\/\/levy-acp.fr\/wp-content\/uploads\/2021\/12\/Cabinet-de-psychothe\u0301rapie-Le-Mans_4_bis-1152x1536.jpg 1152w, https:\/\/levy-acp.fr\/wp-content\/uploads\/2021\/12\/Cabinet-de-psychothe\u0301rapie-Le-Mans_4_bis-1536x2048.jpg 1536w, https:\/\/levy-acp.fr\/wp-content\/uploads\/2021\/12\/Cabinet-de-psychothe\u0301rapie-Le-Mans_4_bis-scaled.jpg 1920w\" sizes=\"(max-width: 263px) 100vw, 263px\" \/><\/a>J&rsquo;exerce la psychoth\u00e9rapie hors r\u00e9pertoire ADELI.<\/p>\r\n<p>Certaines mutuelles remboursent quelques s\u00e9ances de psychoth\u00e9rapie par an, sous la d\u00e9nomination inexacte de \u00ab\u202fm\u00e9decines douces \u00bb ou sous forme de forfaits, ind\u00e9pendamment du statut des praticiens ou praticiennes.<\/p>\r\n<p>&nbsp;<\/p>\r\n<p class=\"firstHeading\" style=\"text-align: right;\">\u00a0<\/p>\r\n<p id=\"firstHeading\" class=\"firstHeading\">\u00a0<\/p>\r\n<p>&nbsp;<\/p>\r\n<h2>\u00a0<\/h2>\r\n<h2>Acc\u00e8s &amp; parking<\/h2>\r\n<p><a href=\"https:\/\/levy-acp.fr\/wp-content\/uploads\/2023\/10\/Psychothe\u0301rapie_le-Mans-scaled.jpg\"><img decoding=\"async\" class=\"alignleft wp-image-2284\" src=\"https:\/\/levy-acp.fr\/wp-content\/uploads\/2023\/10\/Psychothe\u0301rapie_le-Mans-225x300.jpg\" alt=\"\" width=\"263\" height=\"351\" srcset=\"https:\/\/levy-acp.fr\/wp-content\/uploads\/2023\/10\/Psychothe\u0301rapie_le-Mans-225x300.jpg 225w, https:\/\/levy-acp.fr\/wp-content\/uploads\/2023\/10\/Psychothe\u0301rapie_le-Mans-768x1024.jpg 768w, https:\/\/levy-acp.fr\/wp-content\/uploads\/2023\/10\/Psychothe\u0301rapie_le-Mans-1152x1536.jpg 1152w, https:\/\/levy-acp.fr\/wp-content\/uploads\/2023\/10\/Psychothe\u0301rapie_le-Mans-1536x2048.jpg 1536w, https:\/\/levy-acp.fr\/wp-content\/uploads\/2023\/10\/Psychothe\u0301rapie_le-Mans-scaled.jpg 1920w\" sizes=\"(max-width: 263px) 100vw, 263px\" \/><\/a>Entrez dans le jardin sans sonner.\u00a0 L&rsquo;espace d&rsquo;\u00e9coute (baie vitr\u00e9e) est au bout du b\u00e2timent. Vous pouvez garer un v\u00e9lo ou une moto dans le jardin, et votre voiture dans les rues adjacentes. \u00c9vitez le <a href=\"https:\/\/levy-acp.fr\/wp-content\/uploads\/2022\/09\/126-rue-de-Sable\u0301-Le-Mans.jpg\" target=\"_blank\" rel=\"noopener\">lotissement priv\u00e9 \u00e0 gauche<\/a> (les r\u00e9sident.es sont n\u00e9anmoins tol\u00e9rant\u00b7es).<\/p>\r\n<p>La ligne T4 ( Arr\u00eat \u00ab Rue du Loir \u00bb) dessert l&rsquo;entr\u00e9e du 126 rue de Sabl\u00e9.<\/p>\r\n<p>Je vous y re\u00e7ois.<\/p>","protected":false},"excerpt":{"rendered":"<p>Coordonn\u00e9es Jean-Charles L\u00e9vy | Psychoth\u00e9rapie au Mans 06.70.16.23.57\u00a0| contact*levy-acp.fr 126 rue de Sabl\u00e9 72000 Le Mans \u00a0 Espace d&rsquo;\u00e9coute Je vous re\u00e7ois dans un espace d\u00e9di\u00e9 \u00e0 la psychoth\u00e9rapie, au 126 rue de Sabl\u00e9 (Quartier Saint-Georges au\u00a0 Mans). L&rsquo;entretien se d\u00e9roule g\u00e9n\u00e9ralement en face \u00e0 face. De m\u00eame, je peux accompagner les personnes \u00e0 distance, &hellip; <\/p>\n<p class=\"link-more\"><a href=\"https:\/\/levy-acp.fr\/index.php\/seances-de-psychotherapie\/\" class=\"more-link\">Continuer la lecture<span class=\"screen-reader-text\"> de &laquo;&nbsp;En pratique&nbsp;&raquo;<\/span><\/a><\/p>\n","protected":false},"author":1,"featured_media":0,"parent":0,"menu_order":0,"comment_status":"closed","ping_status":"closed","template":"","meta":{"footnotes":""},"class_list":["post-58","page","type-page","status-publish","hentry"],"yoast_head":"<!-- This site is optimized with the Yoast SEO plugin v26.9 - https:\/\/yoast.com\/product\/yoast-seo-wordpress\/ -->\n<title>En pratique - PSYCHOTH\u00c9RAPIE<\/title>\n<meta name=\"description\" content=\"Poursuivre une psychoth\u00e9rapie au Mans.\" \/>\n<meta name=\"robots\" content=\"index, follow, max-snippet:-1, max-image-preview:large, max-video-preview:-1\" \/>\n<link rel=\"canonical\" href=\"https:\/\/levy-acp.fr\/index.php\/seances-de-psychotherapie\/\" \/>\n<meta property=\"og:locale\" content=\"fr_FR\" \/>\n<meta property=\"og:type\" content=\"article\" \/>\n<meta property=\"og:title\" content=\"En pratique - PSYCHOTH\u00c9RAPIE\" \/>\n<meta property=\"og:description\" content=\"Poursuivre une psychoth\u00e9rapie au Mans.\" \/>\n<meta property=\"og:url\" content=\"https:\/\/levy-acp.fr\/index.php\/seances-de-psychotherapie\/\" \/>\n<meta property=\"og:site_name\" content=\"PSYCHOTH\u00c9RAPIE\" \/>\n<meta property=\"article:modified_time\" content=\"2025-11-17T09:27:38+00:00\" \/>\n<meta property=\"og:image\" content=\"https:\/\/levy-acp.fr\/wp-content\/uploads\/2022\/05\/126-rue-de-Sable-225x300.jpg\" \/>\n<meta name=\"twitter:card\" content=\"summary_large_image\" \/>\n<meta name=\"twitter:label1\" content=\"Dur\u00e9e de lecture estim\u00e9e\" \/>\n\t<meta name=\"twitter:data1\" content=\"3 minutes\" \/>\n<script type=\"application\/ld+json\" class=\"yoast-schema-graph\">{\"@context\":\"https:\/\/schema.org\",\"@graph\":[{\"@type\":\"WebPage\",\"@id\":\"https:\/\/levy-acp.fr\/index.php\/seances-de-psychotherapie\/\",\"url\":\"https:\/\/levy-acp.fr\/index.php\/seances-de-psychotherapie\/\",\"name\":\"En pratique - PSYCHOTH\u00c9RAPIE\",\"isPartOf\":{\"@id\":\"https:\/\/levy-acp.fr\/#website\"},\"primaryImageOfPage\":{\"@id\":\"https:\/\/levy-acp.fr\/index.php\/seances-de-psychotherapie\/#primaryimage\"},\"image\":{\"@id\":\"https:\/\/levy-acp.fr\/index.php\/seances-de-psychotherapie\/#primaryimage\"},\"thumbnailUrl\":\"https:\/\/levy-acp.fr\/wp-content\/uploads\/2022\/05\/126-rue-de-Sable-225x300.jpg\",\"datePublished\":\"2018-06-24T19:01:13+00:00\",\"dateModified\":\"2025-11-17T09:27:38+00:00\",\"description\":\"Poursuivre une psychoth\u00e9rapie au Mans.\",\"breadcrumb\":{\"@id\":\"https:\/\/levy-acp.fr\/index.php\/seances-de-psychotherapie\/#breadcrumb\"},\"inLanguage\":\"fr-FR\",\"potentialAction\":[{\"@type\":\"ReadAction\",\"target\":[\"https:\/\/levy-acp.fr\/index.php\/seances-de-psychotherapie\/\"]}]},{\"@type\":\"ImageObject\",\"inLanguage\":\"fr-FR\",\"@id\":\"https:\/\/levy-acp.fr\/index.php\/seances-de-psychotherapie\/#primaryimage\",\"url\":\"https:\/\/levy-acp.fr\/wp-content\/uploads\/2022\/05\/126-rue-de-Sable-scaled.jpg\",\"contentUrl\":\"https:\/\/levy-acp.fr\/wp-content\/uploads\/2022\/05\/126-rue-de-Sable-scaled.jpg\",\"width\":1920,\"height\":2560},{\"@type\":\"BreadcrumbList\",\"@id\":\"https:\/\/levy-acp.fr\/index.php\/seances-de-psychotherapie\/#breadcrumb\",\"itemListElement\":[{\"@type\":\"ListItem\",\"position\":1,\"name\":\"Accueil\",\"item\":\"https:\/\/levy-acp.fr\/\"},{\"@type\":\"ListItem\",\"position\":2,\"name\":\"En pratique\"}]},{\"@type\":\"WebSite\",\"@id\":\"https:\/\/levy-acp.fr\/#website\",\"url\":\"https:\/\/levy-acp.fr\/\",\"name\":\"PSYCHOTH\u00c9RAPIE\",\"description\":\"JEAN-CHARLES L\u00c9VY |  PSYCHOPRATICIEN CERTIFI\u00c9 | LE MANS\",\"potentialAction\":[{\"@type\":\"SearchAction\",\"target\":{\"@type\":\"EntryPoint\",\"urlTemplate\":\"https:\/\/levy-acp.fr\/?s={search_term_string}\"},\"query-input\":{\"@type\":\"PropertyValueSpecification\",\"valueRequired\":true,\"valueName\":\"search_term_string\"}}],\"inLanguage\":\"fr-FR\"}]}<\/script>\n<!-- \/ Yoast SEO plugin. -->","yoast_head_json":{"title":"En pratique - PSYCHOTH\u00c9RAPIE","description":"Poursuivre une psychoth\u00e9rapie au Mans.","robots":{"index":"index","follow":"follow","max-snippet":"max-snippet:-1","max-image-preview":"max-image-preview:large","max-video-preview":"max-video-preview:-1"},"canonical":"https:\/\/levy-acp.fr\/index.php\/seances-de-psychotherapie\/","og_locale":"fr_FR","og_type":"article","og_title":"En pratique - PSYCHOTH\u00c9RAPIE","og_description":"Poursuivre une psychoth\u00e9rapie au Mans.","og_url":"https:\/\/levy-acp.fr\/index.php\/seances-de-psychotherapie\/","og_site_name":"PSYCHOTH\u00c9RAPIE","article_modified_time":"2025-11-17T09:27:38+00:00","og_image":[{"url":"https:\/\/levy-acp.fr\/wp-content\/uploads\/2022\/05\/126-rue-de-Sable-225x300.jpg","type":"","width":"","height":""}],"twitter_card":"summary_large_image","twitter_misc":{"Dur\u00e9e de lecture estim\u00e9e":"3 minutes"},"schema":{"@context":"https:\/\/schema.org","@graph":[{"@type":"WebPage","@id":"https:\/\/levy-acp.fr\/index.php\/seances-de-psychotherapie\/","url":"https:\/\/levy-acp.fr\/index.php\/seances-de-psychotherapie\/","name":"En pratique - PSYCHOTH\u00c9RAPIE","isPartOf":{"@id":"https:\/\/levy-acp.fr\/#website"},"primaryImageOfPage":{"@id":"https:\/\/levy-acp.fr\/index.php\/seances-de-psychotherapie\/#primaryimage"},"image":{"@id":"https:\/\/levy-acp.fr\/index.php\/seances-de-psychotherapie\/#primaryimage"},"thumbnailUrl":"https:\/\/levy-acp.fr\/wp-content\/uploads\/2022\/05\/126-rue-de-Sable-225x300.jpg","datePublished":"2018-06-24T19:01:13+00:00","dateModified":"2025-11-17T09:27:38+00:00","description":"Poursuivre une psychoth\u00e9rapie au Mans.","breadcrumb":{"@id":"https:\/\/levy-acp.fr\/index.php\/seances-de-psychotherapie\/#breadcrumb"},"inLanguage":"fr-FR","potentialAction":[{"@type":"ReadAction","target":["https:\/\/levy-acp.fr\/index.php\/seances-de-psychotherapie\/"]}]},{"@type":"ImageObject","inLanguage":"fr-FR","@id":"https:\/\/levy-acp.fr\/index.php\/seances-de-psychotherapie\/#primaryimage","url":"https:\/\/levy-acp.fr\/wp-content\/uploads\/2022\/05\/126-rue-de-Sable-scaled.jpg","contentUrl":"https:\/\/levy-acp.fr\/wp-content\/uploads\/2022\/05\/126-rue-de-Sable-scaled.jpg","width":1920,"height":2560},{"@type":"BreadcrumbList","@id":"https:\/\/levy-acp.fr\/index.php\/seances-de-psychotherapie\/#breadcrumb","itemListElement":[{"@type":"ListItem","position":1,"name":"Accueil","item":"https:\/\/levy-acp.fr\/"},{"@type":"ListItem","position":2,"name":"En pratique"}]},{"@type":"WebSite","@id":"https:\/\/levy-acp.fr\/#website","url":"https:\/\/levy-acp.fr\/","name":"PSYCHOTH\u00c9RAPIE","description":"JEAN-CHARLES L\u00c9VY |  PSYCHOPRATICIEN CERTIFI\u00c9 | LE MANS","potentialAction":[{"@type":"SearchAction","target":{"@type":"EntryPoint","urlTemplate":"https:\/\/levy-acp.fr\/?s={search_term_string}"},"query-input":{"@type":"PropertyValueSpecification","valueRequired":true,"valueName":"search_term_string"}}],"inLanguage":"fr-FR"}]}},"_links":{"self":[{"href":"https:\/\/levy-acp.fr\/index.php\/wp-json\/wp\/v2\/pages\/58","targetHints":{"allow":["GET"]}}],"collection":[{"href":"https:\/\/levy-acp.fr\/index.php\/wp-json\/wp\/v2\/pages"}],"about":[{"href":"https:\/\/levy-acp.fr\/index.php\/wp-json\/wp\/v2\/types\/page"}],"author":[{"embeddable":true,"href":"https:\/\/levy-acp.fr\/index.php\/wp-json\/wp\/v2\/users\/1"}],"replies":[{"embeddable":true,"href":"https:\/\/levy-acp.fr\/index.php\/wp-json\/wp\/v2\/comments?post=58"}],"version-history":[{"count":296,"href":"https:\/\/levy-acp.fr\/index.php\/wp-json\/wp\/v2\/pages\/58\/revisions"}],"predecessor-version":[{"id":2570,"href":"https:\/\/levy-acp.fr\/index.php\/wp-json\/wp\/v2\/pages\/58\/revisions\/2570"}],"wp:attachment":[{"href":"https:\/\/levy-acp.fr\/index.php\/wp-json\/wp\/v2\/media?parent=58"}],"curies":[{"name":"wp","href":"https:\/\/api.w.org\/{rel}","templated":true}]}}