{"id":2522,"date":"2025-11-02T15:12:19","date_gmt":"2025-11-02T14:12:19","guid":{"rendered":"https:\/\/levy-acp.fr\/?page_id=2522"},"modified":"2025-11-02T15:12:19","modified_gmt":"2025-11-02T14:12:19","slug":"comment-fonctionne-la-therapie-dans-lapproche-centree-sur-la-personne","status":"publish","type":"page","link":"https:\/\/levy-acp.fr\/index.php\/comment-fonctionne-la-therapie-dans-lapproche-centree-sur-la-personne\/","title":{"rendered":"Comment fonctionne la th\u00e9rapie dans l&rsquo;Approche Centr\u00e9e sur la Personne ?"},"content":{"rendered":"<h2><img decoding=\"async\" class=\"alignleft  wp-image-2454\" src=\"https:\/\/levy-acp.fr\/wp-content\/uploads\/2025\/08\/crane-ACP-homme-marche-300x300.png\" alt=\"\" width=\"181\" height=\"181\" srcset=\"https:\/\/levy-acp.fr\/wp-content\/uploads\/2025\/08\/crane-ACP-homme-marche-300x300.png 300w, https:\/\/levy-acp.fr\/wp-content\/uploads\/2025\/08\/crane-ACP-homme-marche-1024x1024.png 1024w, https:\/\/levy-acp.fr\/wp-content\/uploads\/2025\/08\/crane-ACP-homme-marche-150x150.png 150w, https:\/\/levy-acp.fr\/wp-content\/uploads\/2025\/08\/crane-ACP-homme-marche-768x768.png 768w, https:\/\/levy-acp.fr\/wp-content\/uploads\/2025\/08\/crane-ACP-homme-marche-100x100.png 100w, https:\/\/levy-acp.fr\/wp-content\/uploads\/2025\/08\/crane-ACP-homme-marche.png 1200w\" sizes=\"(max-width: 181px) 100vw, 181px\" \/><\/h2>\n<p>\u00ab Au fil des ann\u00e9es, j&rsquo;ai pu constater de plus en plus clairement que le processus de changement chez la personne \u00e9cout\u00e9e est le pendant des attitudes du th\u00e9rapeute.<\/p>\n<p>Quand la personne per\u00e7oit que le th\u00e9rapeute l&rsquo;\u00e9coute sans la juger, cette personne devient \u00e0 son tour capable de s&rsquo;\u00e9couter elle-m\u00eame avec bienveillance \u2013 d&rsquo;\u00e9couter et d&rsquo;accepter la col\u00e8re, la peur, la tendresse, le courage dont elle fait l&rsquo;exp\u00e9rience pendant la s\u00e9ance. Quand cette personne\u00a0 per\u00e7oit l&rsquo;importance et l&rsquo;attention que le th\u00e9rapeute accorde aux aspects m\u00eames les plus secrets ou les plus noirs de ce qu&rsquo;elle exprime, la personne <img decoding=\"async\" class=\"alignright wp-image-1769\" src=\"https:\/\/levy-acp.fr\/wp-content\/uploads\/2021\/05\/Quote-bleu-e1659010798427.png\" alt=\"\" width=\"163\" height=\"115\" \/> fait l&rsquo;exp\u00e9rience de son importance et de sa valeur. Quand le th\u00e9rapeute est authentique et vrai, la personne \u00e9cout\u00e9e s&rsquo;autorise \u00e0 tomber le masque pour vivre ce qui est v\u00e9ritablement pr\u00e9sent en elle.<\/p>\n<p><strong>Carl Rogers<\/strong>, <em>On Personal Power<\/em> (1978), Robinson, 2016, pp. 11-12 (\u00c9dition fran\u00e7aise, aujourd&rsquo;hui indisponible, <em><a href=\"https:\/\/www.acpfrance.fr\/un-manifeste-personnaliste-de-carl-rogers\/\" target=\"_blank\" rel=\"noopener\">Un manifeste personnaliste<\/a>,<\/em> Dunod, 1979)<\/p>\n<p>&nbsp;<\/p>\n<p><img decoding=\"async\" class=\"alignleft  wp-image-1769\" src=\"https:\/\/levy-acp.fr\/wp-content\/uploads\/2021\/05\/Quote-bleu-e1700317382369.png\" alt=\"\" width=\"163\" height=\"114\" \/><\/p>\n<p>Mes analyses, on s\u2019en sera rendu compte, vont de pair avec la conviction que l\u2019homme, quand il jouit d\u2019une v\u00e9ritable libert\u00e9, est un \u00eatre positif et digne de confiance, conclusion \u00e0 laquelle me conduisent in\u00e9luctablement vingt-cinq ans d\u2019exp\u00e9rience psycho-th\u00e9rapeutique.<\/p>\n<p><strong>Carl Rogers<\/strong>, <em>On Becoming a Person<\/em> (1961) \u2013 r\u00e9f\u00e9rence \u00e0 retrouver.<\/p>\n<p>&nbsp;<\/p>\n<p>Je ne voudrais pas \u00eatre mal compris. Je ne crois pas avoir une vue na\u00efvement optimiste de la nature humaine. Je suis tout \u00e0 fait conscient que, par besoin de se d\u00e9fendre contre des peurs internes, l\u2019individu peut en arriver \u00e0 se comporter de fa\u00e7on incroyablement cruelle, terriblement destructrice, immature, r\u00e9gressive, antisociale et nuisible. Il n\u2019en reste pas moins que le travail que je fais avec de tels individus, la recherche et la d\u00e9couverte des <img decoding=\"async\" class=\"alignright wp-image-1769\" src=\"https:\/\/levy-acp.fr\/wp-content\/uploads\/2021\/05\/Quote-bleu-e1659010798427.png\" alt=\"\" width=\"162\" height=\"114\" \/>tendances tr\u00e8s positivement orient\u00e9es qui existent chez eux comme chez nous tous, au niveau le plus profond, constituent un des aspects les plus r\u00e9confortants et les plus vivifiants de mon exp\u00e9rience.<\/p>\n<p><strong>Carl Rogers<\/strong>, <em>Le d\u00e9veloppement de la personne<\/em> (1961), Dunod, 2005, p. 23.<\/p>\n","protected":false},"excerpt":{"rendered":"<p>\u00ab Au fil des ann\u00e9es, j&rsquo;ai pu constater de plus en plus clairement que le processus de changement chez la personne \u00e9cout\u00e9e est le pendant des attitudes du th\u00e9rapeute. Quand la personne per\u00e7oit que le th\u00e9rapeute l&rsquo;\u00e9coute sans la juger, cette personne devient \u00e0 son tour capable de s&rsquo;\u00e9couter elle-m\u00eame avec bienveillance \u2013 d&rsquo;\u00e9couter et &hellip; <\/p>\n<p class=\"link-more\"><a href=\"https:\/\/levy-acp.fr\/index.php\/comment-fonctionne-la-therapie-dans-lapproche-centree-sur-la-personne\/\" class=\"more-link\">Continuer la lecture<span class=\"screen-reader-text\"> de &laquo;&nbsp;Comment fonctionne la th\u00e9rapie dans l&rsquo;Approche Centr\u00e9e sur la Personne ?&nbsp;&raquo;<\/span><\/a><\/p>\n","protected":false},"author":1,"featured_media":0,"parent":0,"menu_order":0,"comment_status":"closed","ping_status":"closed","template":"","meta":{"footnotes":""},"class_list":["post-2522","page","type-page","status-publish","hentry"],"yoast_head":"<!-- This site is optimized with the Yoast SEO plugin v26.9 - https:\/\/yoast.com\/product\/yoast-seo-wordpress\/ -->\n<title>Comment fonctionne la th\u00e9rapie dans l&#039;Approche Centr\u00e9e sur la Personne ? - PSYCHOTH\u00c9RAPIE<\/title>\n<meta name=\"robots\" content=\"index, follow, max-snippet:-1, max-image-preview:large, max-video-preview:-1\" \/>\n<link rel=\"canonical\" href=\"https:\/\/levy-acp.fr\/index.php\/comment-fonctionne-la-therapie-dans-lapproche-centree-sur-la-personne\/\" \/>\n<meta property=\"og:locale\" content=\"fr_FR\" \/>\n<meta property=\"og:type\" content=\"article\" \/>\n<meta property=\"og:title\" content=\"Comment fonctionne la th\u00e9rapie dans l&#039;Approche Centr\u00e9e sur la Personne ? - PSYCHOTH\u00c9RAPIE\" \/>\n<meta property=\"og:description\" content=\"\u00ab Au fil des ann\u00e9es, j&rsquo;ai pu constater de plus en plus clairement que le processus de changement chez la personne \u00e9cout\u00e9e est le pendant des attitudes du th\u00e9rapeute. Quand la personne per\u00e7oit que le th\u00e9rapeute l&rsquo;\u00e9coute sans la juger, cette personne devient \u00e0 son tour capable de s&rsquo;\u00e9couter elle-m\u00eame avec bienveillance \u2013 d&rsquo;\u00e9couter et &hellip; Continuer la lecture de &laquo;&nbsp;Comment fonctionne la th\u00e9rapie dans l&rsquo;Approche Centr\u00e9e sur la Personne ?&nbsp;&raquo;\" \/>\n<meta property=\"og:url\" content=\"https:\/\/levy-acp.fr\/index.php\/comment-fonctionne-la-therapie-dans-lapproche-centree-sur-la-personne\/\" \/>\n<meta property=\"og:site_name\" content=\"PSYCHOTH\u00c9RAPIE\" \/>\n<meta property=\"og:image\" content=\"https:\/\/levy-acp.fr\/wp-content\/uploads\/2025\/08\/crane-ACP-homme-marche.png\" \/>\n\t<meta property=\"og:image:width\" content=\"1200\" \/>\n\t<meta property=\"og:image:height\" content=\"1200\" \/>\n\t<meta property=\"og:image:type\" content=\"image\/png\" \/>\n<meta name=\"twitter:card\" content=\"summary_large_image\" \/>\n<meta name=\"twitter:label1\" content=\"Dur\u00e9e de lecture estim\u00e9e\" \/>\n\t<meta name=\"twitter:data1\" content=\"3 minutes\" \/>\n<script type=\"application\/ld+json\" class=\"yoast-schema-graph\">{\"@context\":\"https:\/\/schema.org\",\"@graph\":[{\"@type\":\"WebPage\",\"@id\":\"https:\/\/levy-acp.fr\/index.php\/comment-fonctionne-la-therapie-dans-lapproche-centree-sur-la-personne\/\",\"url\":\"https:\/\/levy-acp.fr\/index.php\/comment-fonctionne-la-therapie-dans-lapproche-centree-sur-la-personne\/\",\"name\":\"Comment fonctionne la th\u00e9rapie dans l'Approche Centr\u00e9e sur la Personne ? - PSYCHOTH\u00c9RAPIE\",\"isPartOf\":{\"@id\":\"https:\/\/levy-acp.fr\/#website\"},\"primaryImageOfPage\":{\"@id\":\"https:\/\/levy-acp.fr\/index.php\/comment-fonctionne-la-therapie-dans-lapproche-centree-sur-la-personne\/#primaryimage\"},\"image\":{\"@id\":\"https:\/\/levy-acp.fr\/index.php\/comment-fonctionne-la-therapie-dans-lapproche-centree-sur-la-personne\/#primaryimage\"},\"thumbnailUrl\":\"https:\/\/levy-acp.fr\/wp-content\/uploads\/2025\/08\/crane-ACP-homme-marche-300x300.png\",\"datePublished\":\"2025-11-02T14:12:19+00:00\",\"breadcrumb\":{\"@id\":\"https:\/\/levy-acp.fr\/index.php\/comment-fonctionne-la-therapie-dans-lapproche-centree-sur-la-personne\/#breadcrumb\"},\"inLanguage\":\"fr-FR\",\"potentialAction\":[{\"@type\":\"ReadAction\",\"target\":[\"https:\/\/levy-acp.fr\/index.php\/comment-fonctionne-la-therapie-dans-lapproche-centree-sur-la-personne\/\"]}]},{\"@type\":\"ImageObject\",\"inLanguage\":\"fr-FR\",\"@id\":\"https:\/\/levy-acp.fr\/index.php\/comment-fonctionne-la-therapie-dans-lapproche-centree-sur-la-personne\/#primaryimage\",\"url\":\"https:\/\/levy-acp.fr\/wp-content\/uploads\/2025\/08\/crane-ACP-homme-marche.png\",\"contentUrl\":\"https:\/\/levy-acp.fr\/wp-content\/uploads\/2025\/08\/crane-ACP-homme-marche.png\",\"width\":1200,\"height\":1200},{\"@type\":\"BreadcrumbList\",\"@id\":\"https:\/\/levy-acp.fr\/index.php\/comment-fonctionne-la-therapie-dans-lapproche-centree-sur-la-personne\/#breadcrumb\",\"itemListElement\":[{\"@type\":\"ListItem\",\"position\":1,\"name\":\"Accueil\",\"item\":\"https:\/\/levy-acp.fr\/\"},{\"@type\":\"ListItem\",\"position\":2,\"name\":\"Comment fonctionne la th\u00e9rapie dans l&rsquo;Approche Centr\u00e9e sur la Personne ?\"}]},{\"@type\":\"WebSite\",\"@id\":\"https:\/\/levy-acp.fr\/#website\",\"url\":\"https:\/\/levy-acp.fr\/\",\"name\":\"PSYCHOTH\u00c9RAPIE\",\"description\":\"JEAN-CHARLES L\u00c9VY |  PSYCHOPRATICIEN CERTIFI\u00c9 | LE MANS\",\"potentialAction\":[{\"@type\":\"SearchAction\",\"target\":{\"@type\":\"EntryPoint\",\"urlTemplate\":\"https:\/\/levy-acp.fr\/?s={search_term_string}\"},\"query-input\":{\"@type\":\"PropertyValueSpecification\",\"valueRequired\":true,\"valueName\":\"search_term_string\"}}],\"inLanguage\":\"fr-FR\"}]}<\/script>\n<!-- \/ Yoast SEO plugin. -->","yoast_head_json":{"title":"Comment fonctionne la th\u00e9rapie dans l'Approche Centr\u00e9e sur la Personne ? - PSYCHOTH\u00c9RAPIE","robots":{"index":"index","follow":"follow","max-snippet":"max-snippet:-1","max-image-preview":"max-image-preview:large","max-video-preview":"max-video-preview:-1"},"canonical":"https:\/\/levy-acp.fr\/index.php\/comment-fonctionne-la-therapie-dans-lapproche-centree-sur-la-personne\/","og_locale":"fr_FR","og_type":"article","og_title":"Comment fonctionne la th\u00e9rapie dans l'Approche Centr\u00e9e sur la Personne ? - PSYCHOTH\u00c9RAPIE","og_description":"\u00ab Au fil des ann\u00e9es, j&rsquo;ai pu constater de plus en plus clairement que le processus de changement chez la personne \u00e9cout\u00e9e est le pendant des attitudes du th\u00e9rapeute. Quand la personne per\u00e7oit que le th\u00e9rapeute l&rsquo;\u00e9coute sans la juger, cette personne devient \u00e0 son tour capable de s&rsquo;\u00e9couter elle-m\u00eame avec bienveillance \u2013 d&rsquo;\u00e9couter et &hellip; Continuer la lecture de &laquo;&nbsp;Comment fonctionne la th\u00e9rapie dans l&rsquo;Approche Centr\u00e9e sur la Personne ?&nbsp;&raquo;","og_url":"https:\/\/levy-acp.fr\/index.php\/comment-fonctionne-la-therapie-dans-lapproche-centree-sur-la-personne\/","og_site_name":"PSYCHOTH\u00c9RAPIE","og_image":[{"width":1200,"height":1200,"url":"https:\/\/levy-acp.fr\/wp-content\/uploads\/2025\/08\/crane-ACP-homme-marche.png","type":"image\/png"}],"twitter_card":"summary_large_image","twitter_misc":{"Dur\u00e9e de lecture estim\u00e9e":"3 minutes"},"schema":{"@context":"https:\/\/schema.org","@graph":[{"@type":"WebPage","@id":"https:\/\/levy-acp.fr\/index.php\/comment-fonctionne-la-therapie-dans-lapproche-centree-sur-la-personne\/","url":"https:\/\/levy-acp.fr\/index.php\/comment-fonctionne-la-therapie-dans-lapproche-centree-sur-la-personne\/","name":"Comment fonctionne la th\u00e9rapie dans l'Approche Centr\u00e9e sur la Personne ? - PSYCHOTH\u00c9RAPIE","isPartOf":{"@id":"https:\/\/levy-acp.fr\/#website"},"primaryImageOfPage":{"@id":"https:\/\/levy-acp.fr\/index.php\/comment-fonctionne-la-therapie-dans-lapproche-centree-sur-la-personne\/#primaryimage"},"image":{"@id":"https:\/\/levy-acp.fr\/index.php\/comment-fonctionne-la-therapie-dans-lapproche-centree-sur-la-personne\/#primaryimage"},"thumbnailUrl":"https:\/\/levy-acp.fr\/wp-content\/uploads\/2025\/08\/crane-ACP-homme-marche-300x300.png","datePublished":"2025-11-02T14:12:19+00:00","breadcrumb":{"@id":"https:\/\/levy-acp.fr\/index.php\/comment-fonctionne-la-therapie-dans-lapproche-centree-sur-la-personne\/#breadcrumb"},"inLanguage":"fr-FR","potentialAction":[{"@type":"ReadAction","target":["https:\/\/levy-acp.fr\/index.php\/comment-fonctionne-la-therapie-dans-lapproche-centree-sur-la-personne\/"]}]},{"@type":"ImageObject","inLanguage":"fr-FR","@id":"https:\/\/levy-acp.fr\/index.php\/comment-fonctionne-la-therapie-dans-lapproche-centree-sur-la-personne\/#primaryimage","url":"https:\/\/levy-acp.fr\/wp-content\/uploads\/2025\/08\/crane-ACP-homme-marche.png","contentUrl":"https:\/\/levy-acp.fr\/wp-content\/uploads\/2025\/08\/crane-ACP-homme-marche.png","width":1200,"height":1200},{"@type":"BreadcrumbList","@id":"https:\/\/levy-acp.fr\/index.php\/comment-fonctionne-la-therapie-dans-lapproche-centree-sur-la-personne\/#breadcrumb","itemListElement":[{"@type":"ListItem","position":1,"name":"Accueil","item":"https:\/\/levy-acp.fr\/"},{"@type":"ListItem","position":2,"name":"Comment fonctionne la th\u00e9rapie dans l&rsquo;Approche Centr\u00e9e sur la Personne ?"}]},{"@type":"WebSite","@id":"https:\/\/levy-acp.fr\/#website","url":"https:\/\/levy-acp.fr\/","name":"PSYCHOTH\u00c9RAPIE","description":"JEAN-CHARLES L\u00c9VY |  PSYCHOPRATICIEN CERTIFI\u00c9 | LE MANS","potentialAction":[{"@type":"SearchAction","target":{"@type":"EntryPoint","urlTemplate":"https:\/\/levy-acp.fr\/?s={search_term_string}"},"query-input":{"@type":"PropertyValueSpecification","valueRequired":true,"valueName":"search_term_string"}}],"inLanguage":"fr-FR"}]}},"_links":{"self":[{"href":"https:\/\/levy-acp.fr\/index.php\/wp-json\/wp\/v2\/pages\/2522","targetHints":{"allow":["GET"]}}],"collection":[{"href":"https:\/\/levy-acp.fr\/index.php\/wp-json\/wp\/v2\/pages"}],"about":[{"href":"https:\/\/levy-acp.fr\/index.php\/wp-json\/wp\/v2\/types\/page"}],"author":[{"embeddable":true,"href":"https:\/\/levy-acp.fr\/index.php\/wp-json\/wp\/v2\/users\/1"}],"replies":[{"embeddable":true,"href":"https:\/\/levy-acp.fr\/index.php\/wp-json\/wp\/v2\/comments?post=2522"}],"version-history":[{"count":1,"href":"https:\/\/levy-acp.fr\/index.php\/wp-json\/wp\/v2\/pages\/2522\/revisions"}],"predecessor-version":[{"id":2523,"href":"https:\/\/levy-acp.fr\/index.php\/wp-json\/wp\/v2\/pages\/2522\/revisions\/2523"}],"wp:attachment":[{"href":"https:\/\/levy-acp.fr\/index.php\/wp-json\/wp\/v2\/media?parent=2522"}],"curies":[{"name":"wp","href":"https:\/\/api.w.org\/{rel}","templated":true}]}}