{"id":2290,"date":"2023-11-18T15:09:08","date_gmt":"2023-11-18T14:09:08","guid":{"rendered":"https:\/\/levy-acp.fr\/?page_id=2290"},"modified":"2023-11-18T15:24:58","modified_gmt":"2023-11-18T14:24:58","slug":"psychopraticien","status":"publish","type":"page","link":"https:\/\/levy-acp.fr\/index.php\/psychopraticien\/","title":{"rendered":"Psychopraticiens et psychoth\u00e9rapeutes"},"content":{"rendered":"<h2><span style=\"color: #333333;\">Pierre Canou\u00ef : \u00ab La psychoth\u00e9rapie ne s&rsquo;apprend pas que dans les livres \u00bb<\/span><\/h2>\n<p>Publi\u00e9 par <a href=\"https:\/\/www.psychologies.com\/auteur\/Gueret-Cecile\">C\u00e9cile Gu\u00e9ret <\/a>le 28\/06\/2017, mis \u00e0 jour le 12\/07\/2017, pour <a href=\"https:\/\/www.psychologies.com\/Therapies\/Toutes-les-therapies\/Psychotherapies\/Interviews\/Pierre-Canoui-La-psychotherapie-ne-s-apprend-pas-que-dans-les-livres\"><em>Psychologies<\/em><\/a><\/p>\n<h3><img decoding=\"async\" class=\"alignleft wp-image-1769 \" src=\"https:\/\/levy-acp.fr\/wp-content\/uploads\/2021\/05\/Quote-bleu-e1700317382369.png\" alt=\"\" width=\"115\" height=\"81\" \/>Psychiatres, psychologues, psychopraticiens, psychanalystes\u2026 Face \u00e0 ce maquis, il y a de quoi \u00eatre perdus\u00a0! \u00c0 quelques jours du Congr\u00e8s mondial de psychoth\u00e9rapie, Pierre Canou\u00ef, pr\u00e9sident de la F\u00e9d\u00e9ration fran\u00e7aise de psychoth\u00e9rapie et psychanalyse (FF2P), nous \u00e9claire.<\/h3>\n<h3><strong><span style=\"color: #33cccc;\"><span style=\"color: #333333;\"><em>Psychologies<\/em><\/span> <span style=\"color: #808080;\">: Depuis mai 2010, le titre de psychoth\u00e9rapeute est prot\u00e9g\u00e9, mais pas la pratique de la psychoth\u00e9rapie. Qu\u2019est-ce que cela signifie concr\u00e8tement\u00a0?<\/span><\/span><\/strong><\/h3>\n<p><strong>Pierre Canou\u00ef\u00a0:<\/strong> La loi a encadr\u00e9 un titre sans donner un contenu au m\u00e9tier. C\u2019\u00e9tait une d\u00e9marche louable\u00a0: il s\u2019agissait de mettre de l\u2019ordre dans une profession tr\u00e8s h\u00e9t\u00e9roclite, avec des niveaux de formation disparates, afin de prot\u00e9ger les patients des d\u00e9rives sectaires. Mais le r\u00e9sultat est boiteux\u00a0: des gens qui ne sont pas form\u00e9s \u00e0 l\u2019accompagnement psychoth\u00e9rapeutique peuvent d\u00e9sormais porter le titre, tandis que d\u2019autres professionnels qui le sont \u2013 aujourd\u2019hui appel\u00e9s psychopraticiens \u2013 n\u2019y ont plus droit. Il est devenu encore plus difficile de s\u2019y retrouver\u00a0!<\/p>\n<h3><span style=\"color: #808080;\"><strong>Qui peut se dire psychoth\u00e9rapeute ?<\/strong><\/span><\/h3>\n<p><strong>Pierre Canou\u00ef\u00a0:<\/strong> Depuis sept ans, ont donc le droit de porter ce titre les psychiatres (ils ont fait des \u00e9tudes de m\u00e9decine avec une sp\u00e9cialisation en psychiatrie)\u00a0; les autres m\u00e9decins (\u00e0 condition qu\u2019ils fassent une formation compl\u00e9mentaire en psychopathologie)\u00a0; les psychologues cliniciens (justifiant d\u2019un master 2 de psychopathologie clinique)\u00a0; et, curieusement, car c\u2019est le seul dipl\u00f4me de la liste qui ne soit pas d\u00e9livr\u00e9 par l\u2019\u00c9tat, des psychanalystes (inscrits dans les annuaires de certaines associations). Par ailleurs, des psychopraticiens ont aussi obtenu le titre officiel en passant par ce qui a \u00e9t\u00e9 appel\u00e9 la proc\u00e9dure de \u00ab\u00a0grand-parentage\u00a0\u00bb, par laquelle ils ont pu faire reconna\u00eetre leur expertise et leur exp\u00e9rience.<\/p>\n<h3><span style=\"color: #808080;\"><strong>Que veut dire le mot \u00ab psychopraticien \u00bb ?<\/strong><\/span><\/h3>\n<p><strong>Pierre Canou\u00ef\u00a0:<\/strong> C\u2019est le nouveau terme, depuis 2010, pour d\u00e9signer ceux qui exer\u00e7aient la psychoth\u00e9rapie et qui ne peuvent plus, selon la loi, porter le titre de psychoth\u00e9rapeute. Mais cela n\u2019est pas satisfaisant car, \u00e0 nouveau, n\u2019\u00e9tant pas r\u00e9glement\u00e9, il d\u00e9signe des personnes avec des formations tr\u00e8s diff\u00e9rentes. Certaines tr\u00e8s s\u00e9rieuses, d\u2019autres beaucoup moins. Heureusement, les f\u00e9d\u00e9rations de psys se sont mises d\u2019accord sur des crit\u00e8res \u00e0 remplir pour d\u00e9finir ce m\u00e9tier de psychopraticien. \u00c0 la F\u00e9d\u00e9ration fran\u00e7aise de psychoth\u00e9rapie et psychanalyse, nous avons m\u00eame cr\u00e9\u00e9 un \u00ab\u00a0certificat de psychopraticien\u00a0\u00bb qui demande, pour l\u2019obtenir, de r\u00e9pondre \u00e0 des crit\u00e8res bien pr\u00e9cis, tr\u00e8s proches d\u2019ailleurs de ceux du certificat europ\u00e9en de psychoth\u00e9rapie. Nous avons aussi travaill\u00e9 sur la d\u00e9finition du m\u00e9tier de psychopraticien pour chaque m\u00e9thode : psychologie de la motivation, gestalt, etc. En particulier le SNPPsy, l\u2019Affop, PsyG et la FF2P, en relation avec les f\u00e9d\u00e9rations europ\u00e9ennes regroup\u00e9es au sein de l\u2019European Association for Psychotherapy.<\/p>\n<h3><span style=\"color: #808080;\"><strong>Certains psys ont donc le titre officiel de psychoth\u00e9rapeutes alors qu\u2019ils ne sont pas form\u00e9s \u00e0 la psychoth\u00e9rapie ? Cela semble fou !<\/strong><\/span><\/h3>\n<p><strong>Pierre Canou\u00ef\u00a0:<\/strong> Oui. Ni les psychiatres, ni les m\u00e9decins, ni les psychologues n\u2019ont \u00e9t\u00e9 form\u00e9s, dans le cadre de leurs \u00e9tudes universitaires, \u00e0 accompagner un patient en psychoth\u00e9rapie. Pour les psychiatres, cela est en train de changer, certaines facult\u00e9s de m\u00e9decine proposant d\u00e9sormais des \u00ab\u00a0initiations\u00a0\u00bb aux postures psychoth\u00e9rapeutiques. Mais \u00eatre sensibilis\u00e9 quelques heures est peu comparable \u00e0 une formation de cinq \u00e0 sept ans, comme celle de certains psychopraticiens\u00a0! C\u2019est comme si les artistes apprenaient leur m\u00e9tier dans les livres, sans les milliers d\u2019heures d\u2019atelier\u00a0! Or, cela prend du temps de s\u2019initier \u00e0 cet accompagnement si particulier par l\u2019\u00e9coute, la reformulation, le non-jugement. Il faut aussi \u00eatre capable d\u2019\u00eatre \u00e0 la fois dans la relation avec le patient, disponible \u00e0 ce qui se dit et se vit, mais aussi en position dite \u00ab\u00a0m\u00e9ta\u00a0\u00bb, c\u2019est-\u00e0-dire vigilant \u00e0 ce qui se joue dans l\u2019entre-deux de la relation th\u00e9rapeutique et dans le temps plus long de la th\u00e9rapie. Il s\u2019agit enfin de savoir poser un cadre \u00e0 la th\u00e9rapie (avec des r\u00e8gles de non-passage \u00e0 l\u2019acte, de respect mutuel, etc.) et de la mener, avec ses al\u00e9as, jusqu\u2019\u00e0 son terme. L\u2019ironie du sort, c\u2019est que les m\u00e9decins, psychiatres et psychologues ont souvent fait une formation dans une des \u00e9coles priv\u00e9es o\u00f9 les psychopraticiens apprennent aujourd\u2019hui leur m\u00e9tier. C\u2019est ce que j\u2019ai fait, en parall\u00e8le de mes \u00e9tudes de m\u00e9decine. Et c\u2019est pourquoi je me reconnais plus comme psychopraticien que comme psychoth\u00e9rapeute selon la loi\u00a0!<\/p>\n<h3><span style=\"color: #808080;\"><strong>Que faudrait-il pour clarifier tout cela ?<\/strong><\/span><\/h3>\n<p><strong>Pierre Canou\u00ef\u00a0:<\/strong> Il faudrait reconna\u00eetre le m\u00e9tier de psychoth\u00e9rapeute et son contenu par m\u00e9thode (en gestalt-th\u00e9rapie, en analyse psycho-organique, en syst\u00e9mie familiale\u2026). Ce qui signifie, d\u2019une part, ouvrir le statut aux psychopraticiens qui remplissent les crit\u00e8res du certificat europ\u00e9en de psychoth\u00e9rapie\u00a0; d\u2019autre part, demander des crit\u00e8res \u00e9quivalents de formation et de comp\u00e9tences (th\u00e9oriques et pratiques) \u00e0 tout le monde. C\u2019est un sujet complexe. Il faut prendre en compte les connaissances scientifiques actuelles et la place des psychopraticiens dans la sant\u00e9 mentale aujourd\u2019hui, sans c\u00e9der aux lobbys ni aux corporatismes. Ainsi, non seulement nous pourrons prot\u00e9ger nos concitoyens des d\u00e9rives sectaires, mais aussi leur permettre d\u2019avoir acc\u00e8s \u00e0 des professionnels de la psychoth\u00e9rapie reconnus et comp\u00e9tents.<\/p>\n<h3><span style=\"color: #808080;\"><strong>Pour les patients, il y a la peur de choisir un psychopraticien qui soit un charlatan ou un gourou. Des accusations de d\u00e9rives sectaires ont plan\u00e9 sur tous les titres et courants de th\u00e9rapie, m\u00eame les plus s\u00e9rieux. Comment se rep\u00e9rer\u00a0?<\/strong><\/span><\/h3>\n<p><strong>Pierre Canou\u00ef\u00a0:<\/strong> Un psychopraticien s\u00e9rieux r\u00e9pond aux cinq crit\u00e8res de certification europ\u00e9ens. Il doit ainsi justifier d\u2019une psychoth\u00e9rapie personnelle (ou psychanalyse) approfondie\u00a0; d\u2019une formation th\u00e9orique, m\u00e9thodologique et pratique \u00e0 une m\u00e9thode reconnue (la th\u00e9rapie cognitivo-comportementale, une th\u00e9rapie existentielle et humaniste\u2026)\u00a0; d\u2019une formation en psychopathologie clinique\u00a0; d\u2019une supervision permanente tout au long de sa pratique professionnelle et avoir affich\u00e9 dans son cabinet le code d\u00e9ontologique de la profession. Enfin, il doit aussi \u00eatre reconnu par ses pairs, c\u2019est-\u00e0-dire appartenir \u00e0 une association de psys. Non seulement pour \u00e9viter l\u2019existence d\u2019\u00ab\u00a0\u00e9lectrons libres\u00a0\u00bb, mais aussi pour permettre aux patients, en cas de d\u00e9rive, de ne pas rester seuls face au risque d\u2019emprise.<\/p>\n<h3><span style=\"color: #808080;\"><strong>Qu\u2019est-ce que la supervision ? Pourquoi est-ce n\u00e9cessaire ?<\/strong><\/span><\/h3>\n<p><strong>Pierre Canou\u00ef\u00a0:<\/strong> Une supervision, c\u2019est un espace confidentiel o\u00f9 le psy peut parler de ses patients avec un superviseur professionnel, c\u2019est-\u00e0-dire un coll\u00e8gue qui a re\u00e7u une formation sp\u00e9ciale pour l\u2019accompagner. Le psy rend compte de ce qu\u2019il vit, de ce qu\u2019il dit ou ne dit pas, mais aussi de son ressenti avec ses patients. Cela porte plusieurs noms\u00a0: le \u00ab\u00a0contr\u00f4le\u00a0\u00bb pour les psychanalystes, \u00ab\u00a0analyse de pratique\u00a0\u00bb pour d\u2019autres. B\u00e9n\u00e9ficier ainsi d\u2019un regard ext\u00e9rieur permet d\u2019\u00eatre plus lucide sur ce qui se joue dans la th\u00e9rapie, car l\u2019avis d\u2019un tiers met de la distance. Enfin, c\u2019est aussi une sorte de formation permanente et continue.<\/p>\n<h3><span style=\"color: #808080;\"><strong>Pourquoi est-il important d\u2019avoir fait une psychoth\u00e9rapie personnelle pour \u00eatre psy \u00e0 son tour ?<\/strong><\/span><\/h3>\n<p><strong>Pierre Canou\u00ef\u00a0:<\/strong> La psychoth\u00e9rapie ne s\u2019apprend ni sur les bancs de la fac ni dans les bouquins. Il faut en avoir fait l\u2019exp\u00e9rience intime. Il faut aussi avoir r\u00e9gl\u00e9 suffisamment ses propres probl\u00e8mes et avoir une bonne connaissance de soi pour faire la diff\u00e9rence entre ce qui nous appartient psychologiquement et ce que le patient am\u00e8ne. Afin de pouvoir rester \u00e0 la bonne distance, de l\u2019accueillir sans \u00eatre envahi par des \u00e9motions qui nous d\u00e9borderaient. Car c\u2019est un m\u00e9tier complexe, subtil et passionnant, qui nous plonge dans l\u2019intimit\u00e9 de l\u2019autre. Nous pouvons \u00eatre surpris par ce qu\u2019il ravive ou provoque en nous\u00a0: un souvenir familial douloureux, une ressemblance avec un proche\u2026 Or, la relation entre un psy et son patient est \u00ab\u00a0sans filet\u00a0\u00bb\u00a0: non seulement nous sommes seuls dans le cabinet, l\u2019un face \u00e0 l\u2019autre, mais nous travaillons avec notre \u00eatre tout entier. Le bon sens, la bonne volont\u00e9, l\u2019intuition ne suffisent pas pour faire un bon praticien de la psychoth\u00e9rapie. C\u2019est probablement l\u2019un des rares m\u00e9tiers (ou le seul) qu\u2019il faut d\u2019abord avoir exp\u00e9riment\u00e9 sur soi avant de l\u2019exercer pour les autres\u00a0!<\/p>\n<h3><span style=\"color: #808080;\"><strong>Cela permet-il aussi d\u2019\u00eatre curieux du monde de l\u2019autre ?<\/strong><\/span><\/h3>\n<p><strong>Pierre Canou\u00ef\u00a0:<\/strong> Avoir travaill\u00e9 sur soi permet d\u2019acqu\u00e9rir une \u00ab\u00a0empathie professionnelle\u00a0\u00bb. Il s\u2019agit pour le praticien d\u2019\u00eatre suffisamment solide pour pouvoir l\u00e2cher ses a priori, ses propres repr\u00e9sentations, et accueillir l\u2019autre sans avoir peur de sa diff\u00e9rence. Nous nous laissons \u00eatre \u00e9tonn\u00e9, bouscul\u00e9 par lui sans crainte. Un accueil du patient que certains psys n\u2019h\u00e9sitent pas \u00e0 appeler \u00ab\u00a0amour\u00a0\u00bb. Bien s\u00fbr, pas dans le sens amoureux d\u2019<em>er\u00f4s<\/em> \u2013 ce qui est strictement interdit par la d\u00e9ontologie \u2013 mais dans celui de la <em>philia<\/em>, la fraternit\u00e9 d\u2019humain \u00e0 humain, l\u2019amiti\u00e9 pour les Grecs anciens. Certains parlent m\u00eame d\u2019<em>agap\u00ea<\/em> pour d\u00e9signer la dimension universelle, religieuse (au sens de ce qui nous relie) du lien th\u00e9rapeutique. Or, au-del\u00e0 des m\u00e9thodes et des outils, c\u2019est bien, comme le dit le psychiatre et psychoth\u00e9rapeute existentialiste Irvin Yalom, \u00ab\u00a0la relation qui soigne. Il n\u2019y a pas de v\u00e9rit\u00e9 plus grande en psychoth\u00e9rapie\u00a0\u00bb.<\/p>\n<h3><span style=\"color: #808080;\"><strong>Un congr\u00e8s mondial exceptionnel<\/strong><\/span><\/h3>\n<p>Cr\u00e9\u00e9 il y a plus de vingt ans, le Congr\u00e8s mondial de psychoth\u00e9rapie se tient pour la premi\u00e8re fois en France. Une occasion unique de profiter du regard et de l\u2019exp\u00e9rience de th\u00e9rapeutes du monde entier, dont Boris Cyrulnik, Irvin Yalom, Thierry Janssen, Marie de Hennezel, Mony Elka\u00efm\u2026 Conf\u00e9rences, ateliers et symposiums de recherche traiteront de \u00ab\u00a0La vie et l\u2019amour au XXIesi\u00e8cle, de la rencontre intime \u00e0 l\u2019ouverture au monde\u00a0\u00bb, th\u00e8me de cette huiti\u00e8me \u00e9dition. Organis\u00e9 par la F\u00e9d\u00e9ration fran\u00e7aise de psychoth\u00e9rapie et psychanalyse (FF2P) et ses partenaires, le programme valorise le noyau commun \u00e0 toutes les m\u00e9thodes psychoth\u00e9rapeutiques, qu\u2019elles soient psychanalytiques, humanistes, cognitivo-comportementales, transculturelles, psychocorporelles, syst\u00e9miques\u00a0: l\u2019importance de la relation. En ces temps troubl\u00e9s o\u00f9 la violence destructrice semble parfois l\u2019emporter, il n\u2019est pas vain de rappeler que l\u2019amour, socle et avenir de notre humanit\u00e9, est aussi celui de la psychoth\u00e9rapie. Un \u00e9v\u00e9nement soutenu par <em>Psychologies<\/em>.<\/p>\n<p><strong><span style=\"color: #808080;\">SOURCE\u00a0EN LIGNE\u00a0:<\/span><\/strong><\/p>\n<p><a href=\"https:\/\/www.psychologies.com\/Therapies\/Toutes-les-therapies\/Psychotherapies\/Interviews\/Pierre-Canoui-La-psychotherapie-ne-s-apprend-pas-que-dans-les-livres\">https:\/\/www.psychologies.com\/Therapies\/Toutes-les-therapies\/Psychotherapies\/Interviews\/Pierre-Canoui-La-psychotherapie-ne-s-apprend-pas-que-dans-les-livres<\/a><\/p>\n","protected":false},"excerpt":{"rendered":"<p>Pierre Canou\u00ef : \u00ab La psychoth\u00e9rapie ne s&rsquo;apprend pas que dans les livres \u00bb Publi\u00e9 par C\u00e9cile Gu\u00e9ret le 28\/06\/2017, mis \u00e0 jour le 12\/07\/2017, pour Psychologies Psychiatres, psychologues, psychopraticiens, psychanalystes\u2026 Face \u00e0 ce maquis, il y a de quoi \u00eatre perdus\u00a0! \u00c0 quelques jours du Congr\u00e8s mondial de psychoth\u00e9rapie, Pierre Canou\u00ef, pr\u00e9sident de la &hellip; <\/p>\n<p class=\"link-more\"><a href=\"https:\/\/levy-acp.fr\/index.php\/psychopraticien\/\" class=\"more-link\">Continuer la lecture<span class=\"screen-reader-text\"> de &laquo;&nbsp;Psychopraticiens et psychoth\u00e9rapeutes&nbsp;&raquo;<\/span><\/a><\/p>\n","protected":false},"author":1,"featured_media":0,"parent":0,"menu_order":0,"comment_status":"closed","ping_status":"closed","template":"","meta":{"footnotes":""},"class_list":["post-2290","page","type-page","status-publish","hentry"],"yoast_head":"<!-- This site is optimized with the Yoast SEO plugin v26.9 - https:\/\/yoast.com\/product\/yoast-seo-wordpress\/ -->\n<title>Psychopraticiens et psychoth\u00e9rapeutes - PSYCHOTH\u00c9RAPIE<\/title>\n<meta name=\"robots\" content=\"index, follow, max-snippet:-1, max-image-preview:large, max-video-preview:-1\" \/>\n<link rel=\"canonical\" href=\"https:\/\/levy-acp.fr\/index.php\/psychopraticien\/\" \/>\n<meta property=\"og:locale\" content=\"fr_FR\" \/>\n<meta property=\"og:type\" content=\"article\" \/>\n<meta property=\"og:title\" content=\"Psychopraticiens et psychoth\u00e9rapeutes - PSYCHOTH\u00c9RAPIE\" \/>\n<meta property=\"og:description\" content=\"Pierre Canou\u00ef : \u00ab La psychoth\u00e9rapie ne s&rsquo;apprend pas que dans les livres \u00bb Publi\u00e9 par C\u00e9cile Gu\u00e9ret le 28\/06\/2017, mis \u00e0 jour le 12\/07\/2017, pour Psychologies Psychiatres, psychologues, psychopraticiens, psychanalystes\u2026 Face \u00e0 ce maquis, il y a de quoi \u00eatre perdus\u00a0! \u00c0 quelques jours du Congr\u00e8s mondial de psychoth\u00e9rapie, Pierre Canou\u00ef, pr\u00e9sident de la &hellip; Continuer la lecture de &laquo;&nbsp;Psychopraticiens et psychoth\u00e9rapeutes&nbsp;&raquo;\" \/>\n<meta property=\"og:url\" content=\"https:\/\/levy-acp.fr\/index.php\/psychopraticien\/\" \/>\n<meta property=\"og:site_name\" content=\"PSYCHOTH\u00c9RAPIE\" \/>\n<meta property=\"article:modified_time\" content=\"2023-11-18T14:24:58+00:00\" \/>\n<meta property=\"og:image\" content=\"https:\/\/levy-acp.fr\/wp-content\/uploads\/2021\/05\/Quote-bleu-e1700317382369.png\" \/>\n<meta name=\"twitter:card\" content=\"summary_large_image\" \/>\n<meta name=\"twitter:label1\" content=\"Dur\u00e9e de lecture estim\u00e9e\" \/>\n\t<meta name=\"twitter:data1\" content=\"9 minutes\" \/>\n<script type=\"application\/ld+json\" class=\"yoast-schema-graph\">{\"@context\":\"https:\/\/schema.org\",\"@graph\":[{\"@type\":\"WebPage\",\"@id\":\"https:\/\/levy-acp.fr\/index.php\/psychopraticien\/\",\"url\":\"https:\/\/levy-acp.fr\/index.php\/psychopraticien\/\",\"name\":\"Psychopraticiens et psychoth\u00e9rapeutes - PSYCHOTH\u00c9RAPIE\",\"isPartOf\":{\"@id\":\"https:\/\/levy-acp.fr\/#website\"},\"primaryImageOfPage\":{\"@id\":\"https:\/\/levy-acp.fr\/index.php\/psychopraticien\/#primaryimage\"},\"image\":{\"@id\":\"https:\/\/levy-acp.fr\/index.php\/psychopraticien\/#primaryimage\"},\"thumbnailUrl\":\"https:\/\/levy-acp.fr\/wp-content\/uploads\/2021\/05\/Quote-bleu-e1700317382369.png\",\"datePublished\":\"2023-11-18T14:09:08+00:00\",\"dateModified\":\"2023-11-18T14:24:58+00:00\",\"breadcrumb\":{\"@id\":\"https:\/\/levy-acp.fr\/index.php\/psychopraticien\/#breadcrumb\"},\"inLanguage\":\"fr-FR\",\"potentialAction\":[{\"@type\":\"ReadAction\",\"target\":[\"https:\/\/levy-acp.fr\/index.php\/psychopraticien\/\"]}]},{\"@type\":\"ImageObject\",\"inLanguage\":\"fr-FR\",\"@id\":\"https:\/\/levy-acp.fr\/index.php\/psychopraticien\/#primaryimage\",\"url\":\"https:\/\/levy-acp.fr\/wp-content\/uploads\/2021\/05\/Quote-bleu-e1700317382369.png\",\"contentUrl\":\"https:\/\/levy-acp.fr\/wp-content\/uploads\/2021\/05\/Quote-bleu-e1700317382369.png\",\"width\":268,\"height\":188},{\"@type\":\"BreadcrumbList\",\"@id\":\"https:\/\/levy-acp.fr\/index.php\/psychopraticien\/#breadcrumb\",\"itemListElement\":[{\"@type\":\"ListItem\",\"position\":1,\"name\":\"Accueil\",\"item\":\"https:\/\/levy-acp.fr\/\"},{\"@type\":\"ListItem\",\"position\":2,\"name\":\"Psychopraticiens et psychoth\u00e9rapeutes\"}]},{\"@type\":\"WebSite\",\"@id\":\"https:\/\/levy-acp.fr\/#website\",\"url\":\"https:\/\/levy-acp.fr\/\",\"name\":\"PSYCHOTH\u00c9RAPIE\",\"description\":\"JEAN-CHARLES L\u00c9VY |  PSYCHOPRATICIEN CERTIFI\u00c9 | LE MANS\",\"potentialAction\":[{\"@type\":\"SearchAction\",\"target\":{\"@type\":\"EntryPoint\",\"urlTemplate\":\"https:\/\/levy-acp.fr\/?s={search_term_string}\"},\"query-input\":{\"@type\":\"PropertyValueSpecification\",\"valueRequired\":true,\"valueName\":\"search_term_string\"}}],\"inLanguage\":\"fr-FR\"}]}<\/script>\n<!-- \/ Yoast SEO plugin. -->","yoast_head_json":{"title":"Psychopraticiens et psychoth\u00e9rapeutes - PSYCHOTH\u00c9RAPIE","robots":{"index":"index","follow":"follow","max-snippet":"max-snippet:-1","max-image-preview":"max-image-preview:large","max-video-preview":"max-video-preview:-1"},"canonical":"https:\/\/levy-acp.fr\/index.php\/psychopraticien\/","og_locale":"fr_FR","og_type":"article","og_title":"Psychopraticiens et psychoth\u00e9rapeutes - PSYCHOTH\u00c9RAPIE","og_description":"Pierre Canou\u00ef : \u00ab La psychoth\u00e9rapie ne s&rsquo;apprend pas que dans les livres \u00bb Publi\u00e9 par C\u00e9cile Gu\u00e9ret le 28\/06\/2017, mis \u00e0 jour le 12\/07\/2017, pour Psychologies Psychiatres, psychologues, psychopraticiens, psychanalystes\u2026 Face \u00e0 ce maquis, il y a de quoi \u00eatre perdus\u00a0! \u00c0 quelques jours du Congr\u00e8s mondial de psychoth\u00e9rapie, Pierre Canou\u00ef, pr\u00e9sident de la &hellip; Continuer la lecture de &laquo;&nbsp;Psychopraticiens et psychoth\u00e9rapeutes&nbsp;&raquo;","og_url":"https:\/\/levy-acp.fr\/index.php\/psychopraticien\/","og_site_name":"PSYCHOTH\u00c9RAPIE","article_modified_time":"2023-11-18T14:24:58+00:00","og_image":[{"url":"https:\/\/levy-acp.fr\/wp-content\/uploads\/2021\/05\/Quote-bleu-e1700317382369.png","type":"","width":"","height":""}],"twitter_card":"summary_large_image","twitter_misc":{"Dur\u00e9e de lecture estim\u00e9e":"9 minutes"},"schema":{"@context":"https:\/\/schema.org","@graph":[{"@type":"WebPage","@id":"https:\/\/levy-acp.fr\/index.php\/psychopraticien\/","url":"https:\/\/levy-acp.fr\/index.php\/psychopraticien\/","name":"Psychopraticiens et psychoth\u00e9rapeutes - PSYCHOTH\u00c9RAPIE","isPartOf":{"@id":"https:\/\/levy-acp.fr\/#website"},"primaryImageOfPage":{"@id":"https:\/\/levy-acp.fr\/index.php\/psychopraticien\/#primaryimage"},"image":{"@id":"https:\/\/levy-acp.fr\/index.php\/psychopraticien\/#primaryimage"},"thumbnailUrl":"https:\/\/levy-acp.fr\/wp-content\/uploads\/2021\/05\/Quote-bleu-e1700317382369.png","datePublished":"2023-11-18T14:09:08+00:00","dateModified":"2023-11-18T14:24:58+00:00","breadcrumb":{"@id":"https:\/\/levy-acp.fr\/index.php\/psychopraticien\/#breadcrumb"},"inLanguage":"fr-FR","potentialAction":[{"@type":"ReadAction","target":["https:\/\/levy-acp.fr\/index.php\/psychopraticien\/"]}]},{"@type":"ImageObject","inLanguage":"fr-FR","@id":"https:\/\/levy-acp.fr\/index.php\/psychopraticien\/#primaryimage","url":"https:\/\/levy-acp.fr\/wp-content\/uploads\/2021\/05\/Quote-bleu-e1700317382369.png","contentUrl":"https:\/\/levy-acp.fr\/wp-content\/uploads\/2021\/05\/Quote-bleu-e1700317382369.png","width":268,"height":188},{"@type":"BreadcrumbList","@id":"https:\/\/levy-acp.fr\/index.php\/psychopraticien\/#breadcrumb","itemListElement":[{"@type":"ListItem","position":1,"name":"Accueil","item":"https:\/\/levy-acp.fr\/"},{"@type":"ListItem","position":2,"name":"Psychopraticiens et psychoth\u00e9rapeutes"}]},{"@type":"WebSite","@id":"https:\/\/levy-acp.fr\/#website","url":"https:\/\/levy-acp.fr\/","name":"PSYCHOTH\u00c9RAPIE","description":"JEAN-CHARLES L\u00c9VY |  PSYCHOPRATICIEN CERTIFI\u00c9 | LE MANS","potentialAction":[{"@type":"SearchAction","target":{"@type":"EntryPoint","urlTemplate":"https:\/\/levy-acp.fr\/?s={search_term_string}"},"query-input":{"@type":"PropertyValueSpecification","valueRequired":true,"valueName":"search_term_string"}}],"inLanguage":"fr-FR"}]}},"_links":{"self":[{"href":"https:\/\/levy-acp.fr\/index.php\/wp-json\/wp\/v2\/pages\/2290","targetHints":{"allow":["GET"]}}],"collection":[{"href":"https:\/\/levy-acp.fr\/index.php\/wp-json\/wp\/v2\/pages"}],"about":[{"href":"https:\/\/levy-acp.fr\/index.php\/wp-json\/wp\/v2\/types\/page"}],"author":[{"embeddable":true,"href":"https:\/\/levy-acp.fr\/index.php\/wp-json\/wp\/v2\/users\/1"}],"replies":[{"embeddable":true,"href":"https:\/\/levy-acp.fr\/index.php\/wp-json\/wp\/v2\/comments?post=2290"}],"version-history":[{"count":11,"href":"https:\/\/levy-acp.fr\/index.php\/wp-json\/wp\/v2\/pages\/2290\/revisions"}],"predecessor-version":[{"id":2302,"href":"https:\/\/levy-acp.fr\/index.php\/wp-json\/wp\/v2\/pages\/2290\/revisions\/2302"}],"wp:attachment":[{"href":"https:\/\/levy-acp.fr\/index.php\/wp-json\/wp\/v2\/media?parent=2290"}],"curies":[{"name":"wp","href":"https:\/\/api.w.org\/{rel}","templated":true}]}}