{"id":206,"date":"2018-09-29T10:45:35","date_gmt":"2018-09-29T08:45:35","guid":{"rendered":"http:\/\/levy-acp.fr\/?page_id=206"},"modified":"2018-09-29T10:51:00","modified_gmt":"2018-09-29T08:51:00","slug":"criteres-requis-pour-lobtention-du-cep","status":"publish","type":"page","link":"https:\/\/levy-acp.fr\/index.php\/criteres-requis-pour-lobtention-du-cep\/","title":{"rendered":"Crit\u00e8res requis pour l&rsquo;obtention du CEP"},"content":{"rendered":"\n<p class=\"has-background has-very-light-gray-background-color\"><strong>Article 4.1.3.4 &#8211;<\/strong> Les Organismes de Formation doivent proposer une Formation Sp\u00e9cialis\u00e9e Int\u00e9grale d&rsquo;une dur\u00e9e d&rsquo;au moins quatre ans, dans une m\u00e9thode scientifiquement reconnue de psychoth\u00e9rapie efficace sur un domaine de pratique \u00e9tendu. Se(s) leader(s) et ses principaux enseignants devront poss\u00e9der eux-m\u00eames une formation sp\u00e9cialis\u00e9e int\u00e9grale \u00e9gale \u00e0 celle devant \u00eatre dispens\u00e9e par l&rsquo;Organisme de Formation en question. Une formation est consid\u00e9r\u00e9e comme int\u00e9grale, si elle comporte les quatre composantes suivantes : exp\u00e9rience sur soi (analyse ou th\u00e9rapie personnelle, etc.), la th\u00e9orie (connaissances), le travail avec des patients ou clients (pratique) et contr\u00f4le (supervision). Ces composantes doivent constituer un programme d&rsquo;enseignement int\u00e9gr\u00e9 dans une m\u00e9thode pr\u00e9cise.<br\/>\u00ab\u00a0Une m\u00e9thode scientifiquement reconnue de psychoth\u00e9rapie\u00a0\u00bb implique que :<\/p>\n\n\n\n<p><strong><\/strong><\/p>\n\n\n\n<p><strong><\/strong><\/p>\n\n\n\n<ul class=\"wp-block-list\"><li>l&rsquo;orientation ou la m\u00e9thode offre un programme de\nformation complet,<\/li><\/ul>\n\n\n\n<ul class=\"wp-block-list\"><li>la pens\u00e9e associ\u00e9e \u00e0 la m\u00e9thode de formation soit \u00e9tay\u00e9e par des publications scientifiques suffisantes,<\/li><\/ul>\n\n\n\n<ul class=\"wp-block-list\"><li>l&rsquo;orientation ou la m\u00e9thode soit internationalement\nreconnue,<\/li><\/ul>\n\n\n\n<ul class=\"wp-block-list\"><li>l&rsquo;orientation ou la m\u00e9thode d\u00e9veloppe une th\u00e9orie des\nd\u00e9sordres psychiques, de leurs causes, et des mod\u00e8les d&rsquo;intervention\n(inventaire ind\u00e9pendant de la m\u00e9thode),<\/li><\/ul>\n\n\n\n<ul class=\"wp-block-list\"><li>la formation doit comprendre un minimum de 250 s\u00e9ances\nde th\u00e9rapie personnelle (travail sur soi), 130 s\u00e9ances de supervision de la\npratique clinique et 250 heures de th\u00e9orie. Les praticiens en psychoth\u00e9rapie\nont besoin d&rsquo;un niveau de connaissance sup\u00e9rieur pour que leur soit reconnue la\nqualit\u00e9 de superviseur.<\/li><\/ul>\n\n\n\n<p class=\"has-background has-very-light-gray-background-color\"><strong>SOURCES<\/strong> : Site de la F\u00e9d\u00e9ration Fran\u00e7aise de Psychoth\u00e9rapie et Psychanalyse | Section EAP | Affiliation > article 4.1.3.4 | Consult\u00e9 le 29 septembre 2018 | Accessible en ligne \u00e0 cette adresse :<a href=\"http:\/\/www.ff2p.fr\/fichiers_site\/la_ff2p\/la_ff2p.html#eap\"> http:\/\/www.ff2p.fr\/fichiers_site\/la_ff2p\/la_ff2p.html#eap<\/a><\/p>\n","protected":false},"excerpt":{"rendered":"<p>Article 4.1.3.4 &#8211; Les Organismes de Formation doivent proposer une Formation Sp\u00e9cialis\u00e9e Int\u00e9grale d&rsquo;une dur\u00e9e d&rsquo;au moins quatre ans, dans une m\u00e9thode scientifiquement reconnue de psychoth\u00e9rapie efficace sur un domaine de pratique \u00e9tendu. Se(s) leader(s) et ses principaux enseignants devront poss\u00e9der eux-m\u00eames une formation sp\u00e9cialis\u00e9e int\u00e9grale \u00e9gale \u00e0 celle devant \u00eatre dispens\u00e9e par l&rsquo;Organisme de &hellip; <\/p>\n<p class=\"link-more\"><a href=\"https:\/\/levy-acp.fr\/index.php\/criteres-requis-pour-lobtention-du-cep\/\" class=\"more-link\">Continuer la lecture<span class=\"screen-reader-text\"> de &laquo;&nbsp;Crit\u00e8res requis pour l&rsquo;obtention du CEP&nbsp;&raquo;<\/span><\/a><\/p>\n","protected":false},"author":1,"featured_media":0,"parent":0,"menu_order":0,"comment_status":"closed","ping_status":"closed","template":"","meta":{"footnotes":""},"class_list":["post-206","page","type-page","status-publish","hentry"],"yoast_head":"<!-- This site is optimized with the Yoast SEO plugin v26.9 - https:\/\/yoast.com\/product\/yoast-seo-wordpress\/ -->\n<title>Crit\u00e8res requis pour l&#039;obtention du CEP - PSYCHOTH\u00c9RAPIE<\/title>\n<meta name=\"robots\" content=\"index, follow, max-snippet:-1, max-image-preview:large, max-video-preview:-1\" \/>\n<link rel=\"canonical\" href=\"https:\/\/levy-acp.fr\/index.php\/criteres-requis-pour-lobtention-du-cep\/\" \/>\n<meta property=\"og:locale\" content=\"fr_FR\" \/>\n<meta property=\"og:type\" content=\"article\" \/>\n<meta property=\"og:title\" content=\"Crit\u00e8res requis pour l&#039;obtention du CEP - PSYCHOTH\u00c9RAPIE\" \/>\n<meta property=\"og:description\" content=\"Article 4.1.3.4 &#8211; Les Organismes de Formation doivent proposer une Formation Sp\u00e9cialis\u00e9e Int\u00e9grale d&rsquo;une dur\u00e9e d&rsquo;au moins quatre ans, dans une m\u00e9thode scientifiquement reconnue de psychoth\u00e9rapie efficace sur un domaine de pratique \u00e9tendu. Se(s) leader(s) et ses principaux enseignants devront poss\u00e9der eux-m\u00eames une formation sp\u00e9cialis\u00e9e int\u00e9grale \u00e9gale \u00e0 celle devant \u00eatre dispens\u00e9e par l&rsquo;Organisme de &hellip; Continuer la lecture de &laquo;&nbsp;Crit\u00e8res requis pour l&rsquo;obtention du CEP&nbsp;&raquo;\" \/>\n<meta property=\"og:url\" content=\"https:\/\/levy-acp.fr\/index.php\/criteres-requis-pour-lobtention-du-cep\/\" \/>\n<meta property=\"og:site_name\" content=\"PSYCHOTH\u00c9RAPIE\" \/>\n<meta property=\"article:modified_time\" content=\"2018-09-29T08:51:00+00:00\" \/>\n<meta name=\"twitter:card\" content=\"summary_large_image\" \/>\n<meta name=\"twitter:label1\" content=\"Dur\u00e9e de lecture estim\u00e9e\" \/>\n\t<meta name=\"twitter:data1\" content=\"1 minute\" \/>\n<script type=\"application\/ld+json\" class=\"yoast-schema-graph\">{\"@context\":\"https:\/\/schema.org\",\"@graph\":[{\"@type\":\"WebPage\",\"@id\":\"https:\/\/levy-acp.fr\/index.php\/criteres-requis-pour-lobtention-du-cep\/\",\"url\":\"https:\/\/levy-acp.fr\/index.php\/criteres-requis-pour-lobtention-du-cep\/\",\"name\":\"Crit\u00e8res requis pour l'obtention du CEP - PSYCHOTH\u00c9RAPIE\",\"isPartOf\":{\"@id\":\"https:\/\/levy-acp.fr\/#website\"},\"datePublished\":\"2018-09-29T08:45:35+00:00\",\"dateModified\":\"2018-09-29T08:51:00+00:00\",\"breadcrumb\":{\"@id\":\"https:\/\/levy-acp.fr\/index.php\/criteres-requis-pour-lobtention-du-cep\/#breadcrumb\"},\"inLanguage\":\"fr-FR\",\"potentialAction\":[{\"@type\":\"ReadAction\",\"target\":[\"https:\/\/levy-acp.fr\/index.php\/criteres-requis-pour-lobtention-du-cep\/\"]}]},{\"@type\":\"BreadcrumbList\",\"@id\":\"https:\/\/levy-acp.fr\/index.php\/criteres-requis-pour-lobtention-du-cep\/#breadcrumb\",\"itemListElement\":[{\"@type\":\"ListItem\",\"position\":1,\"name\":\"Accueil\",\"item\":\"https:\/\/levy-acp.fr\/\"},{\"@type\":\"ListItem\",\"position\":2,\"name\":\"Crit\u00e8res requis pour l&rsquo;obtention du CEP\"}]},{\"@type\":\"WebSite\",\"@id\":\"https:\/\/levy-acp.fr\/#website\",\"url\":\"https:\/\/levy-acp.fr\/\",\"name\":\"PSYCHOTH\u00c9RAPIE\",\"description\":\"JEAN-CHARLES L\u00c9VY |  PSYCHOPRATICIEN CERTIFI\u00c9 | LE MANS\",\"potentialAction\":[{\"@type\":\"SearchAction\",\"target\":{\"@type\":\"EntryPoint\",\"urlTemplate\":\"https:\/\/levy-acp.fr\/?s={search_term_string}\"},\"query-input\":{\"@type\":\"PropertyValueSpecification\",\"valueRequired\":true,\"valueName\":\"search_term_string\"}}],\"inLanguage\":\"fr-FR\"}]}<\/script>\n<!-- \/ Yoast SEO plugin. -->","yoast_head_json":{"title":"Crit\u00e8res requis pour l'obtention du CEP - PSYCHOTH\u00c9RAPIE","robots":{"index":"index","follow":"follow","max-snippet":"max-snippet:-1","max-image-preview":"max-image-preview:large","max-video-preview":"max-video-preview:-1"},"canonical":"https:\/\/levy-acp.fr\/index.php\/criteres-requis-pour-lobtention-du-cep\/","og_locale":"fr_FR","og_type":"article","og_title":"Crit\u00e8res requis pour l'obtention du CEP - PSYCHOTH\u00c9RAPIE","og_description":"Article 4.1.3.4 &#8211; Les Organismes de Formation doivent proposer une Formation Sp\u00e9cialis\u00e9e Int\u00e9grale d&rsquo;une dur\u00e9e d&rsquo;au moins quatre ans, dans une m\u00e9thode scientifiquement reconnue de psychoth\u00e9rapie efficace sur un domaine de pratique \u00e9tendu. Se(s) leader(s) et ses principaux enseignants devront poss\u00e9der eux-m\u00eames une formation sp\u00e9cialis\u00e9e int\u00e9grale \u00e9gale \u00e0 celle devant \u00eatre dispens\u00e9e par l&rsquo;Organisme de &hellip; Continuer la lecture de &laquo;&nbsp;Crit\u00e8res requis pour l&rsquo;obtention du CEP&nbsp;&raquo;","og_url":"https:\/\/levy-acp.fr\/index.php\/criteres-requis-pour-lobtention-du-cep\/","og_site_name":"PSYCHOTH\u00c9RAPIE","article_modified_time":"2018-09-29T08:51:00+00:00","twitter_card":"summary_large_image","twitter_misc":{"Dur\u00e9e de lecture estim\u00e9e":"1 minute"},"schema":{"@context":"https:\/\/schema.org","@graph":[{"@type":"WebPage","@id":"https:\/\/levy-acp.fr\/index.php\/criteres-requis-pour-lobtention-du-cep\/","url":"https:\/\/levy-acp.fr\/index.php\/criteres-requis-pour-lobtention-du-cep\/","name":"Crit\u00e8res requis pour l'obtention du CEP - PSYCHOTH\u00c9RAPIE","isPartOf":{"@id":"https:\/\/levy-acp.fr\/#website"},"datePublished":"2018-09-29T08:45:35+00:00","dateModified":"2018-09-29T08:51:00+00:00","breadcrumb":{"@id":"https:\/\/levy-acp.fr\/index.php\/criteres-requis-pour-lobtention-du-cep\/#breadcrumb"},"inLanguage":"fr-FR","potentialAction":[{"@type":"ReadAction","target":["https:\/\/levy-acp.fr\/index.php\/criteres-requis-pour-lobtention-du-cep\/"]}]},{"@type":"BreadcrumbList","@id":"https:\/\/levy-acp.fr\/index.php\/criteres-requis-pour-lobtention-du-cep\/#breadcrumb","itemListElement":[{"@type":"ListItem","position":1,"name":"Accueil","item":"https:\/\/levy-acp.fr\/"},{"@type":"ListItem","position":2,"name":"Crit\u00e8res requis pour l&rsquo;obtention du CEP"}]},{"@type":"WebSite","@id":"https:\/\/levy-acp.fr\/#website","url":"https:\/\/levy-acp.fr\/","name":"PSYCHOTH\u00c9RAPIE","description":"JEAN-CHARLES L\u00c9VY |  PSYCHOPRATICIEN CERTIFI\u00c9 | LE MANS","potentialAction":[{"@type":"SearchAction","target":{"@type":"EntryPoint","urlTemplate":"https:\/\/levy-acp.fr\/?s={search_term_string}"},"query-input":{"@type":"PropertyValueSpecification","valueRequired":true,"valueName":"search_term_string"}}],"inLanguage":"fr-FR"}]}},"_links":{"self":[{"href":"https:\/\/levy-acp.fr\/index.php\/wp-json\/wp\/v2\/pages\/206","targetHints":{"allow":["GET"]}}],"collection":[{"href":"https:\/\/levy-acp.fr\/index.php\/wp-json\/wp\/v2\/pages"}],"about":[{"href":"https:\/\/levy-acp.fr\/index.php\/wp-json\/wp\/v2\/types\/page"}],"author":[{"embeddable":true,"href":"https:\/\/levy-acp.fr\/index.php\/wp-json\/wp\/v2\/users\/1"}],"replies":[{"embeddable":true,"href":"https:\/\/levy-acp.fr\/index.php\/wp-json\/wp\/v2\/comments?post=206"}],"version-history":[{"count":4,"href":"https:\/\/levy-acp.fr\/index.php\/wp-json\/wp\/v2\/pages\/206\/revisions"}],"predecessor-version":[{"id":216,"href":"https:\/\/levy-acp.fr\/index.php\/wp-json\/wp\/v2\/pages\/206\/revisions\/216"}],"wp:attachment":[{"href":"https:\/\/levy-acp.fr\/index.php\/wp-json\/wp\/v2\/media?parent=206"}],"curies":[{"name":"wp","href":"https:\/\/api.w.org\/{rel}","templated":true}]}}