{"id":19,"date":"2018-06-24T20:13:33","date_gmt":"2018-06-24T18:13:33","guid":{"rendered":"http:\/\/levy-acp.fr\/?page_id=19"},"modified":"2026-03-10T21:03:18","modified_gmt":"2026-03-10T20:03:18","slug":"a-propos-de","status":"publish","type":"page","link":"https:\/\/levy-acp.fr\/","title":{"rendered":"Accueil"},"content":{"rendered":"\r\n<h1>\r\n\r\n<\/h1>\r\n<p><\/p>\r\n<p><img decoding=\"async\" class=\"alignleft  wp-image-1769\" src=\"https:\/\/levy-acp.fr\/wp-content\/uploads\/2021\/05\/Quote-bleu.png\" alt=\"\" width=\"161\" height=\"113\" \/>En proposant \u00e0 la personne \u00e9cout\u00e9e un havre de s\u00e9curit\u00e9 qui lui permette d&rsquo;explorer et d\u2019exprimer ses pens\u00e9es et ses \u00e9motions, le th\u00e9rapeute ressemble beaucoup \u00e0 la m\u00e8re qui offre \u00e0 son enfant un point d&rsquo;ancrage pour qu&rsquo;il se lance, en toute s\u00e9curit\u00e9, \u00e0 la d\u00e9couverte du monde.<\/p>\r\n<p style=\"padding-left: 120px;\"><a href=\"https:\/\/lesprosdelapetiteenfance.fr\/bebes-enfants\/psycho-pedagogie\/bowlby-et-la-theorie-de-lattachement\/les-decouvertes-de-john-bowlby-sur-lattachement\" target=\"_blank\" rel=\"noopener\"><strong>John Bowlby<\/strong><\/a>, <em>A Secure base<\/em> (1988), Routledge, p. 159 (traduction personnelle) En fran\u00e7ais : <em>Amour et violence : la vie relationnelle en famille,<\/em> poche, <a href=\"https:\/\/www.librairielaruelle.com\/livre\/9782226470256-amour-et-violence-la-vie-relationnelle-en-famille-john-bowlby\/?utm_source=dma\" target=\"_blank\" rel=\"noopener\">Albin Michel<\/a> (2022)<\/p>\r\n<p><\/p>\r\n<p>&nbsp;<\/p>\r\n<p>Form\u00e9 \u00e0 la psychoth\u00e9rapie dans l&rsquo;Approche centr\u00e9e sur la personne (Carl Rogers), je vous propose plusieurs accompagnements par la parole et par l&rsquo;\u00e9coute. L&rsquo;accompagnement centr\u00e9 sur la personne permet d&rsquo;<em>\u00eatre avec soi-m\u00eame sans \u00eatre seul\u00b7e<\/em>.<\/p>\r\n<h2>Un soutien momentan\u00e9<\/h2>\r\n<p>Il arrive au cours de notre existence d&rsquo;\u00e9prouver le besoin d&rsquo;une pr\u00e9sence attentive quand les al\u00e9as de la vie humaine nous bousculent, nous isolent ou multiplient nos peurs.\u00a0 Quelques s\u00e9ances alors suffisent pour retrouver confiance dans notre valeur personnelle et dans nos capacit\u00e9s.<\/p>\r\n<h2>Une psychoth\u00e9rapie<\/h2>\r\n<p>Parfois, un accompagnement plus long, de deux ans ou trois ans (quatre ou cinq si besoin), est n\u00e9cessaire pour faire face \u00e0 ce qui nous perturbe ou nous tourmente : violences subies ou caus\u00e9es, blocages \u00e9motionnels, comportements \u00e0 risque, relations difficiles.<\/p>\r\n<p>La psychoth\u00e9rapie centr\u00e9e sur la personne ouvre un espace protecteur, sans jugement, respectueux de votre parole, dans l&rsquo;attention dont vous avez besoin pour apprendre \u00e0 mieux conna\u00eetre et reconna\u00eetre la personne que vous \u00eates.<\/p>\r\n<h2>Un espace d&rsquo;\u00e9coute<\/h2>\r\n<p>Le d\u00e9sir d&rsquo;un espace de parole uniquement \u00e0 soi, sans attentes sp\u00e9cifiques, suffit aussi pour entreprendre une d\u00e9marche d\u2019accompagnement longue ou br\u00e8ve.<\/p>\r\n<h2>Ici et maintenant<\/h2>\r\n\r\n<p>Au cours d&rsquo;une rencontre in\u00e9dite suivie d&rsquo;autres rencontres, dans la confiance et la s\u00e9curit\u00e9, une personne cherche \u00e0 comprendre votre monde \u2013 vos \u00e9motions, vos pens\u00e9es, vos exp\u00e9riences : votre singularit\u00e9, votre mani\u00e8re d&rsquo;\u00eatre.<\/p>\r\n<p>Certain\u00b7es <a href=\"http:\/\/unamourquiguerit.fr\/un-amour-qui-gu%C3%A9rit\" target=\"_blank\" rel=\"noopener\">th\u00e9rapeutes<\/a> parlent m\u00eame d&rsquo;<em>amour<\/em> pour d\u00e9signer cette attention particuli\u00e8re de l&rsquo;espace th\u00e9rapeutique \u2013 un amour qui lib\u00e8re au lieu de rendre captif ou docile.<\/p>\r\n<p>Dans l&rsquo;Approche centr\u00e9e sur la personne, cette consid\u00e9ration inconditionnelle permet de r\u00e9parer les liens d&rsquo;attachement malmen\u00e9s \u00e0 l&rsquo;origine de nos difficult\u00e9s \u00e0 vivre.<\/p>\r\n<p>Progressivement, vous parvenez \u00e0 vivre et assumer de mieux en mieux des choix qui vous permettent de vous accorder \u00e0 vous-m\u00eame dans un monde o\u00f9 il n&rsquo;est pas toujours facile d&rsquo;exister.<br \/><br \/>C&rsquo;est ce mouvement d&rsquo;une vie mieux ajust\u00e9e \u00e0 vos aspirations et \u00e0 votre singularit\u00e9 que je propose d&rsquo;accompagner. \r\n\r\n<\/p>\r\n<p>&nbsp;<\/p>\r\n<p><img decoding=\"async\" class=\"alignleft wp-image-1769\" src=\"https:\/\/levy-acp.fr\/wp-content\/uploads\/2021\/05\/Quote-bleu-e1700317382369.png\" alt=\"\" width=\"161\" height=\"113\" \/><\/p>\r\n<p>Dans ma pratique, je ne parviens plus \u00e0 distinguer clairement les n\u00e9vroses du self des n\u00e9vroses du monde.<\/p>\r\n<p style=\"padding-left: 120px;\"><a href=\"https:\/\/scott.london\/interviews\/hillman.html\" target=\"_blank\" rel=\"noopener\"><strong>James Hillman<\/strong><\/a> (1982), <em>Anima Mundi: The Return of the Soul to the World.<\/em> Spring. p. 72.<\/p>\r\n<h2>En individuel<\/h2>\r\n<p>Install\u00e9 au Mans, je travaille avec des adultes. J&rsquo;accueille parfois des enfants. J&rsquo;ai une exp\u00e9rience approfondie des situations propres aux jeunes adultes et aux personnes marginales ou marginalis\u00e9es (pr\u00e9carit\u00e9 sociale, addictions, violences). \r\n\r\n\r\n\r\n<\/p>\r\n<p>Je peux aussi vous orienter vers des groupes de parole, d&rsquo;autres coll\u00e8gues et des services sp\u00e9cialis\u00e9s.<\/p>\r\n<p>&nbsp;<\/p>\r\n<p><a href=\"https:\/\/levy-acp.fr\/index.php\/comment-fonctionne-la-therapie-dans-lapproche-centree-sur-la-personne\/\" target=\"_blank\" rel=\"noopener\">Comment fonctionne la th\u00e9rapie dans l&rsquo;Approche Centr\u00e9e sur la Personne ?<\/a><\/p>\r\n<h2 class=\"alignleft  wp-image-2454\">\u00a0<\/h2>\r\n<p><\/p>","protected":false},"excerpt":{"rendered":"<p>En proposant \u00e0 la personne \u00e9cout\u00e9e un havre de s\u00e9curit\u00e9 qui lui permette d&rsquo;explorer et d\u2019exprimer ses pens\u00e9es et ses \u00e9motions, le th\u00e9rapeute ressemble beaucoup \u00e0 la m\u00e8re qui offre \u00e0 son enfant un point d&rsquo;ancrage pour qu&rsquo;il se lance, en toute s\u00e9curit\u00e9, \u00e0 la d\u00e9couverte du monde. John Bowlby, A Secure base (1988), Routledge, &hellip; <\/p>\n<p class=\"link-more\"><a href=\"https:\/\/levy-acp.fr\/\" class=\"more-link\">Continuer la lecture<span class=\"screen-reader-text\"> de &laquo;&nbsp;Accueil&nbsp;&raquo;<\/span><\/a><\/p>\n","protected":false},"author":1,"featured_media":0,"parent":0,"menu_order":0,"comment_status":"closed","ping_status":"closed","template":"","meta":{"footnotes":""},"class_list":["post-19","page","type-page","status-publish","hentry"],"yoast_head":"<!-- This site is optimized with the Yoast SEO plugin v26.9 - https:\/\/yoast.com\/product\/yoast-seo-wordpress\/ -->\n<title>Accueil - PSYCHOTH\u00c9RAPIE<\/title>\n<meta name=\"description\" content=\"Psychoth\u00e9rapie longue ou br\u00e8ve, accompagnement de relation d&#039;aide, approche centr\u00e9e sur la personne.\" \/>\n<meta name=\"robots\" content=\"index, follow, max-snippet:-1, max-image-preview:large, max-video-preview:-1\" \/>\n<link rel=\"canonical\" href=\"https:\/\/levy-acp.fr\/\" \/>\n<meta property=\"og:locale\" content=\"fr_FR\" \/>\n<meta property=\"og:type\" content=\"article\" \/>\n<meta property=\"og:title\" content=\"Accueil - PSYCHOTH\u00c9RAPIE\" \/>\n<meta property=\"og:description\" content=\"Psychoth\u00e9rapie longue ou br\u00e8ve, accompagnement de relation d&#039;aide, approche centr\u00e9e sur la personne.\" \/>\n<meta property=\"og:url\" content=\"https:\/\/levy-acp.fr\/\" \/>\n<meta property=\"og:site_name\" content=\"PSYCHOTH\u00c9RAPIE\" \/>\n<meta property=\"article:modified_time\" content=\"2026-03-10T20:03:18+00:00\" \/>\n<meta property=\"og:image\" content=\"https:\/\/levy-acp.fr\/wp-content\/uploads\/2021\/05\/Quote-bleu-e1700317382369.png\" \/>\n\t<meta property=\"og:image:width\" content=\"268\" \/>\n\t<meta property=\"og:image:height\" content=\"188\" \/>\n\t<meta property=\"og:image:type\" content=\"image\/png\" \/>\n<meta name=\"twitter:card\" content=\"summary_large_image\" \/>\n<meta name=\"twitter:label1\" content=\"Dur\u00e9e de lecture estim\u00e9e\" \/>\n\t<meta name=\"twitter:data1\" content=\"3 minutes\" \/>\n<script type=\"application\/ld+json\" class=\"yoast-schema-graph\">{\"@context\":\"https:\/\/schema.org\",\"@graph\":[{\"@type\":\"WebPage\",\"@id\":\"https:\/\/levy-acp.fr\/\",\"url\":\"https:\/\/levy-acp.fr\/\",\"name\":\"Accueil - PSYCHOTH\u00c9RAPIE\",\"isPartOf\":{\"@id\":\"https:\/\/levy-acp.fr\/#website\"},\"primaryImageOfPage\":{\"@id\":\"https:\/\/levy-acp.fr\/#primaryimage\"},\"image\":{\"@id\":\"https:\/\/levy-acp.fr\/#primaryimage\"},\"thumbnailUrl\":\"https:\/\/levy-acp.fr\/wp-content\/uploads\/2021\/05\/Quote-bleu.png\",\"datePublished\":\"2018-06-24T18:13:33+00:00\",\"dateModified\":\"2026-03-10T20:03:18+00:00\",\"description\":\"Psychoth\u00e9rapie longue ou br\u00e8ve, accompagnement de relation d'aide, approche centr\u00e9e sur la personne.\",\"breadcrumb\":{\"@id\":\"https:\/\/levy-acp.fr\/#breadcrumb\"},\"inLanguage\":\"fr-FR\",\"potentialAction\":[{\"@type\":\"ReadAction\",\"target\":[\"https:\/\/levy-acp.fr\/\"]}]},{\"@type\":\"ImageObject\",\"inLanguage\":\"fr-FR\",\"@id\":\"https:\/\/levy-acp.fr\/#primaryimage\",\"url\":\"https:\/\/levy-acp.fr\/wp-content\/uploads\/2021\/05\/Quote-bleu-e1700317382369.png\",\"contentUrl\":\"https:\/\/levy-acp.fr\/wp-content\/uploads\/2021\/05\/Quote-bleu-e1700317382369.png\",\"width\":268,\"height\":188},{\"@type\":\"BreadcrumbList\",\"@id\":\"https:\/\/levy-acp.fr\/#breadcrumb\",\"itemListElement\":[{\"@type\":\"ListItem\",\"position\":1,\"name\":\"Accueil\",\"item\":\"https:\/\/levy-acp.fr\/\"},{\"@type\":\"ListItem\",\"position\":2,\"name\":\"Accueil\"}]},{\"@type\":\"WebSite\",\"@id\":\"https:\/\/levy-acp.fr\/#website\",\"url\":\"https:\/\/levy-acp.fr\/\",\"name\":\"PSYCHOTH\u00c9RAPIE\",\"description\":\"JEAN-CHARLES L\u00c9VY |  PSYCHOPRATICIEN CERTIFI\u00c9 | LE MANS\",\"potentialAction\":[{\"@type\":\"SearchAction\",\"target\":{\"@type\":\"EntryPoint\",\"urlTemplate\":\"https:\/\/levy-acp.fr\/?s={search_term_string}\"},\"query-input\":{\"@type\":\"PropertyValueSpecification\",\"valueRequired\":true,\"valueName\":\"search_term_string\"}}],\"inLanguage\":\"fr-FR\"}]}<\/script>\n<!-- \/ Yoast SEO plugin. -->","yoast_head_json":{"title":"Accueil - PSYCHOTH\u00c9RAPIE","description":"Psychoth\u00e9rapie longue ou br\u00e8ve, accompagnement de relation d'aide, approche centr\u00e9e sur la personne.","robots":{"index":"index","follow":"follow","max-snippet":"max-snippet:-1","max-image-preview":"max-image-preview:large","max-video-preview":"max-video-preview:-1"},"canonical":"https:\/\/levy-acp.fr\/","og_locale":"fr_FR","og_type":"article","og_title":"Accueil - PSYCHOTH\u00c9RAPIE","og_description":"Psychoth\u00e9rapie longue ou br\u00e8ve, accompagnement de relation d'aide, approche centr\u00e9e sur la personne.","og_url":"https:\/\/levy-acp.fr\/","og_site_name":"PSYCHOTH\u00c9RAPIE","article_modified_time":"2026-03-10T20:03:18+00:00","og_image":[{"width":268,"height":188,"url":"https:\/\/levy-acp.fr\/wp-content\/uploads\/2021\/05\/Quote-bleu-e1700317382369.png","type":"image\/png"}],"twitter_card":"summary_large_image","twitter_misc":{"Dur\u00e9e de lecture estim\u00e9e":"3 minutes"},"schema":{"@context":"https:\/\/schema.org","@graph":[{"@type":"WebPage","@id":"https:\/\/levy-acp.fr\/","url":"https:\/\/levy-acp.fr\/","name":"Accueil - PSYCHOTH\u00c9RAPIE","isPartOf":{"@id":"https:\/\/levy-acp.fr\/#website"},"primaryImageOfPage":{"@id":"https:\/\/levy-acp.fr\/#primaryimage"},"image":{"@id":"https:\/\/levy-acp.fr\/#primaryimage"},"thumbnailUrl":"https:\/\/levy-acp.fr\/wp-content\/uploads\/2021\/05\/Quote-bleu.png","datePublished":"2018-06-24T18:13:33+00:00","dateModified":"2026-03-10T20:03:18+00:00","description":"Psychoth\u00e9rapie longue ou br\u00e8ve, accompagnement de relation d'aide, approche centr\u00e9e sur la personne.","breadcrumb":{"@id":"https:\/\/levy-acp.fr\/#breadcrumb"},"inLanguage":"fr-FR","potentialAction":[{"@type":"ReadAction","target":["https:\/\/levy-acp.fr\/"]}]},{"@type":"ImageObject","inLanguage":"fr-FR","@id":"https:\/\/levy-acp.fr\/#primaryimage","url":"https:\/\/levy-acp.fr\/wp-content\/uploads\/2021\/05\/Quote-bleu-e1700317382369.png","contentUrl":"https:\/\/levy-acp.fr\/wp-content\/uploads\/2021\/05\/Quote-bleu-e1700317382369.png","width":268,"height":188},{"@type":"BreadcrumbList","@id":"https:\/\/levy-acp.fr\/#breadcrumb","itemListElement":[{"@type":"ListItem","position":1,"name":"Accueil","item":"https:\/\/levy-acp.fr\/"},{"@type":"ListItem","position":2,"name":"Accueil"}]},{"@type":"WebSite","@id":"https:\/\/levy-acp.fr\/#website","url":"https:\/\/levy-acp.fr\/","name":"PSYCHOTH\u00c9RAPIE","description":"JEAN-CHARLES L\u00c9VY |  PSYCHOPRATICIEN CERTIFI\u00c9 | LE MANS","potentialAction":[{"@type":"SearchAction","target":{"@type":"EntryPoint","urlTemplate":"https:\/\/levy-acp.fr\/?s={search_term_string}"},"query-input":{"@type":"PropertyValueSpecification","valueRequired":true,"valueName":"search_term_string"}}],"inLanguage":"fr-FR"}]}},"_links":{"self":[{"href":"https:\/\/levy-acp.fr\/index.php\/wp-json\/wp\/v2\/pages\/19","targetHints":{"allow":["GET"]}}],"collection":[{"href":"https:\/\/levy-acp.fr\/index.php\/wp-json\/wp\/v2\/pages"}],"about":[{"href":"https:\/\/levy-acp.fr\/index.php\/wp-json\/wp\/v2\/types\/page"}],"author":[{"embeddable":true,"href":"https:\/\/levy-acp.fr\/index.php\/wp-json\/wp\/v2\/users\/1"}],"replies":[{"embeddable":true,"href":"https:\/\/levy-acp.fr\/index.php\/wp-json\/wp\/v2\/comments?post=19"}],"version-history":[{"count":441,"href":"https:\/\/levy-acp.fr\/index.php\/wp-json\/wp\/v2\/pages\/19\/revisions"}],"predecessor-version":[{"id":2611,"href":"https:\/\/levy-acp.fr\/index.php\/wp-json\/wp\/v2\/pages\/19\/revisions\/2611"}],"wp:attachment":[{"href":"https:\/\/levy-acp.fr\/index.php\/wp-json\/wp\/v2\/media?parent=19"}],"curies":[{"name":"wp","href":"https:\/\/api.w.org\/{rel}","templated":true}]}}