{"id":1000,"date":"2020-09-20T17:29:56","date_gmt":"2020-09-20T15:29:56","guid":{"rendered":"https:\/\/levy-acp.fr\/?page_id=1000"},"modified":"2023-09-30T11:49:06","modified_gmt":"2023-09-30T09:49:06","slug":"ecoute-et-accopagnement","status":"publish","type":"page","link":"https:\/\/levy-acp.fr\/index.php\/ecoute-et-accopagnement\/","title":{"rendered":"\u00c9coute &#038; accompagnement"},"content":{"rendered":"\r\n<h3><strong>Pour une \u00e9cole de la relation<\/strong><\/h3>\r\n<div class=\"ead-preview\"><div class=\"ead-document\" style=\"position: relative;width: 100%;height: 100%;border: none;min-height: 500px;\" data-pdf-src=\"https:\/\/levy-acp.fr\/wp-content\/uploads\/2023\/09\/Relation-d-aide-a-l-ecole_Lyce\u0301es_2023-24.pdf\" data-viewer=\"browser\"><div class=\"ead-iframe-wrapper\"><iframe src=\"\/\/docs.google.com\/viewer?url=https%3A%2F%2Flevy-acp.fr%2Fwp-content%2Fuploads%2F2023%2F09%2FRelation-d-aide-a-l-ecole_Lyce%CC%81es_2023-24.pdf&amp;embedded=true&amp;hl=en\" title=\"Document embarqu\u00e9\" class=\"ead-iframe\" style=\"width: 100%;height: 100%;border: none;min-height: 500px;visibility: hidden;\"><\/iframe><\/div>\t\t\t<div class=\"ead-document-loading\" style=\"width:100%;height:100%;position:absolute;left:0;top:0;z-index:10;\">\n\t\t\t\t<div class=\"ead-loading-wrap\">\n\t\t\t\t\t<div class=\"ead-loading-main\">\n\t\t\t\t\t\t<div class=\"ead-loading\">\n\t\t\t\t\t\t\t<img decoding=\"async\" src=\"https:\/\/levy-acp.fr\/wp-content\/plugins\/embed-any-document\/images\/loading.svg\" width=\"55\" height=\"55\" alt=\"Chargeur\">\n\t\t\t\t\t\t\t<span>En cours de chargement&hellip;<\/span>\n\t\t\t\t\t\t<\/div>\n\t\t\t\t\t<\/div>\n\t\t\t\t\t<div class=\"ead-loading-foot\">\n\t\t\t\t\t\t<div class=\"ead-loading-foot-title\">\n\t\t\t\t\t\t\t<img decoding=\"async\" src=\"https:\/\/levy-acp.fr\/wp-content\/plugins\/embed-any-document\/images\/EAD-logo.svg\" alt=\"Logo EAD\" width=\"36\" height=\"23\"\/>\n\t\t\t\t\t\t\t<span>Cela prend trop de temps\u00a0?<\/span>\n\t\t\t\t\t\t<\/div>\n\t\t\t\t\t\t<p>\n\t\t\t\t\t\t\t<div class=\"ead-document-btn ead-reload-btn\" role=\"button\">\n\t\t\t\t\t\t\t\t<img decoding=\"async\" src=\"https:\/\/levy-acp.fr\/wp-content\/plugins\/embed-any-document\/images\/reload.svg\" alt=\"Recharger\" width=\"12\" height=\"12\"\/> Recharger le document\t\t\t\t\t\t\t<\/div>\n\t\t\t\t\t\t\t<span>|<\/span>\n\t\t\t\t\t\t\t<a href=\"#\" class=\"ead-document-btn\" target=\"_blank\">\n\t\t\t\t\t\t\t\t<img decoding=\"async\" src=\"https:\/\/levy-acp.fr\/wp-content\/plugins\/embed-any-document\/images\/open.svg\" alt=\"Ouvert\" width=\"12\" height=\"12\"\/> Ouvrir dans un nouvel onglet\t\t\t\t\t\t\t<\/a>\n\t\t\t\t\t<\/div>\n\t\t\t\t<\/div>\n\t\t\t<\/div>\n\t\t<\/div><p class=\"embed_download\"><a href=\"https:\/\/levy-acp.fr\/wp-content\/uploads\/2023\/09\/Relation-d-aide-a-l-ecole_Lyce\u0301es_2023-24.pdf\" download>T\u00e9l\u00e9charger le document <\/a><\/p><\/div>\r\n\r\n\r\n\r\n\r\n\r\n<p>&nbsp;<\/p>\r\n","protected":false},"excerpt":{"rendered":"<p>Pour une \u00e9cole de la relation<\/p>\n","protected":false},"author":1,"featured_media":0,"parent":0,"menu_order":0,"comment_status":"closed","ping_status":"closed","template":"","meta":{"footnotes":""},"class_list":["post-1000","page","type-page","status-publish","hentry"],"yoast_head":"<!-- This site is optimized with the Yoast SEO plugin v26.9 - https:\/\/yoast.com\/product\/yoast-seo-wordpress\/ -->\n<title>\u00c9coute &amp; accompagnement - PSYCHOTH\u00c9RAPIE<\/title>\n<meta name=\"robots\" content=\"index, follow, max-snippet:-1, max-image-preview:large, max-video-preview:-1\" \/>\n<link rel=\"canonical\" href=\"https:\/\/levy-acp.fr\/index.php\/ecoute-et-accopagnement\/\" \/>\n<meta property=\"og:locale\" content=\"fr_FR\" \/>\n<meta property=\"og:type\" content=\"article\" \/>\n<meta property=\"og:title\" content=\"\u00c9coute &amp; accompagnement - PSYCHOTH\u00c9RAPIE\" \/>\n<meta property=\"og:description\" content=\"Pour une \u00e9cole de la relation\" \/>\n<meta property=\"og:url\" content=\"https:\/\/levy-acp.fr\/index.php\/ecoute-et-accopagnement\/\" \/>\n<meta property=\"og:site_name\" content=\"PSYCHOTH\u00c9RAPIE\" \/>\n<meta property=\"article:modified_time\" content=\"2023-09-30T09:49:06+00:00\" \/>\n<meta name=\"twitter:card\" content=\"summary_large_image\" \/>\n<meta name=\"twitter:label1\" content=\"Dur\u00e9e de lecture estim\u00e9e\" \/>\n\t<meta name=\"twitter:data1\" content=\"1 minute\" \/>\n<script type=\"application\/ld+json\" class=\"yoast-schema-graph\">{\"@context\":\"https:\/\/schema.org\",\"@graph\":[{\"@type\":\"WebPage\",\"@id\":\"https:\/\/levy-acp.fr\/index.php\/ecoute-et-accopagnement\/\",\"url\":\"https:\/\/levy-acp.fr\/index.php\/ecoute-et-accopagnement\/\",\"name\":\"\u00c9coute & accompagnement - PSYCHOTH\u00c9RAPIE\",\"isPartOf\":{\"@id\":\"https:\/\/levy-acp.fr\/#website\"},\"datePublished\":\"2020-09-20T15:29:56+00:00\",\"dateModified\":\"2023-09-30T09:49:06+00:00\",\"breadcrumb\":{\"@id\":\"https:\/\/levy-acp.fr\/index.php\/ecoute-et-accopagnement\/#breadcrumb\"},\"inLanguage\":\"fr-FR\",\"potentialAction\":[{\"@type\":\"ReadAction\",\"target\":[\"https:\/\/levy-acp.fr\/index.php\/ecoute-et-accopagnement\/\"]}]},{\"@type\":\"BreadcrumbList\",\"@id\":\"https:\/\/levy-acp.fr\/index.php\/ecoute-et-accopagnement\/#breadcrumb\",\"itemListElement\":[{\"@type\":\"ListItem\",\"position\":1,\"name\":\"Accueil\",\"item\":\"https:\/\/levy-acp.fr\/\"},{\"@type\":\"ListItem\",\"position\":2,\"name\":\"\u00c9coute &#038; accompagnement\"}]},{\"@type\":\"WebSite\",\"@id\":\"https:\/\/levy-acp.fr\/#website\",\"url\":\"https:\/\/levy-acp.fr\/\",\"name\":\"PSYCHOTH\u00c9RAPIE\",\"description\":\"JEAN-CHARLES L\u00c9VY |  PSYCHOPRATICIEN CERTIFI\u00c9 | LE MANS\",\"potentialAction\":[{\"@type\":\"SearchAction\",\"target\":{\"@type\":\"EntryPoint\",\"urlTemplate\":\"https:\/\/levy-acp.fr\/?s={search_term_string}\"},\"query-input\":{\"@type\":\"PropertyValueSpecification\",\"valueRequired\":true,\"valueName\":\"search_term_string\"}}],\"inLanguage\":\"fr-FR\"}]}<\/script>\n<!-- \/ Yoast SEO plugin. -->","yoast_head_json":{"title":"\u00c9coute & accompagnement - PSYCHOTH\u00c9RAPIE","robots":{"index":"index","follow":"follow","max-snippet":"max-snippet:-1","max-image-preview":"max-image-preview:large","max-video-preview":"max-video-preview:-1"},"canonical":"https:\/\/levy-acp.fr\/index.php\/ecoute-et-accopagnement\/","og_locale":"fr_FR","og_type":"article","og_title":"\u00c9coute & accompagnement - PSYCHOTH\u00c9RAPIE","og_description":"Pour une \u00e9cole de la relation","og_url":"https:\/\/levy-acp.fr\/index.php\/ecoute-et-accopagnement\/","og_site_name":"PSYCHOTH\u00c9RAPIE","article_modified_time":"2023-09-30T09:49:06+00:00","twitter_card":"summary_large_image","twitter_misc":{"Dur\u00e9e de lecture estim\u00e9e":"1 minute"},"schema":{"@context":"https:\/\/schema.org","@graph":[{"@type":"WebPage","@id":"https:\/\/levy-acp.fr\/index.php\/ecoute-et-accopagnement\/","url":"https:\/\/levy-acp.fr\/index.php\/ecoute-et-accopagnement\/","name":"\u00c9coute & accompagnement - PSYCHOTH\u00c9RAPIE","isPartOf":{"@id":"https:\/\/levy-acp.fr\/#website"},"datePublished":"2020-09-20T15:29:56+00:00","dateModified":"2023-09-30T09:49:06+00:00","breadcrumb":{"@id":"https:\/\/levy-acp.fr\/index.php\/ecoute-et-accopagnement\/#breadcrumb"},"inLanguage":"fr-FR","potentialAction":[{"@type":"ReadAction","target":["https:\/\/levy-acp.fr\/index.php\/ecoute-et-accopagnement\/"]}]},{"@type":"BreadcrumbList","@id":"https:\/\/levy-acp.fr\/index.php\/ecoute-et-accopagnement\/#breadcrumb","itemListElement":[{"@type":"ListItem","position":1,"name":"Accueil","item":"https:\/\/levy-acp.fr\/"},{"@type":"ListItem","position":2,"name":"\u00c9coute &#038; accompagnement"}]},{"@type":"WebSite","@id":"https:\/\/levy-acp.fr\/#website","url":"https:\/\/levy-acp.fr\/","name":"PSYCHOTH\u00c9RAPIE","description":"JEAN-CHARLES L\u00c9VY |  PSYCHOPRATICIEN CERTIFI\u00c9 | LE MANS","potentialAction":[{"@type":"SearchAction","target":{"@type":"EntryPoint","urlTemplate":"https:\/\/levy-acp.fr\/?s={search_term_string}"},"query-input":{"@type":"PropertyValueSpecification","valueRequired":true,"valueName":"search_term_string"}}],"inLanguage":"fr-FR"}]}},"_links":{"self":[{"href":"https:\/\/levy-acp.fr\/index.php\/wp-json\/wp\/v2\/pages\/1000","targetHints":{"allow":["GET"]}}],"collection":[{"href":"https:\/\/levy-acp.fr\/index.php\/wp-json\/wp\/v2\/pages"}],"about":[{"href":"https:\/\/levy-acp.fr\/index.php\/wp-json\/wp\/v2\/types\/page"}],"author":[{"embeddable":true,"href":"https:\/\/levy-acp.fr\/index.php\/wp-json\/wp\/v2\/users\/1"}],"replies":[{"embeddable":true,"href":"https:\/\/levy-acp.fr\/index.php\/wp-json\/wp\/v2\/comments?post=1000"}],"version-history":[{"count":31,"href":"https:\/\/levy-acp.fr\/index.php\/wp-json\/wp\/v2\/pages\/1000\/revisions"}],"predecessor-version":[{"id":1625,"href":"https:\/\/levy-acp.fr\/index.php\/wp-json\/wp\/v2\/pages\/1000\/revisions\/1625"}],"wp:attachment":[{"href":"https:\/\/levy-acp.fr\/index.php\/wp-json\/wp\/v2\/media?parent=1000"}],"curies":[{"name":"wp","href":"https:\/\/api.w.org\/{rel}","templated":true}]}}